{"id":593,"date":"2025-08-29T19:07:53","date_gmt":"2025-08-29T19:07:53","guid":{"rendered":"https:\/\/onteaikenpatagonia.cl\/?product=trekking-mirador-dorotea"},"modified":"2026-01-30T03:47:00","modified_gmt":"2026-01-30T03:47:00","slug":"trekking-mirador-dorotea","status":"publish","type":"product","link":"https:\/\/onteaikenpatagonia.cl\/en\/product\/trekking-mirador-dorotea\/","title":{"rendered":"Dorotea Viewpoint Trek"},"content":{"rendered":"<p>Cerro Ben\u00edtez, ubicado a solo 24 kil\u00f3metros al norte de Puerto Natales, junto con albergar la famosa Cueva del Milod\u00f3n, una de las reservas naturales m\u00e1s importantes del pa\u00eds, con sus 550 metros sobre el nivel del mar es uno de los mejores miradores de la provincia y zona de avistamiento del ave voladora m\u00e1s grande de los Andes, el C\u00f3ndor Andino. Estas bellas aves habitan el sector del Ben\u00edtez, sobrevolando y pos\u00e1ndose en las paredes rocosas para que todo quien que visite su h\u00e1bitat pueda observarlas y fotografiarlas.<\/p>\n<p>Durante el transcurso del trekking, \u00c1guilas y C\u00f3ndores comenzaran a asomarse dando la bienvenida a su h\u00e1bitat.<\/p>","protected":false},"excerpt":{"rendered":"<p>Cerro Ben\u00edtez, ubicado a solo 24 kil\u00f3metros al norte de Puerto Natales, junto con albergar la famosa Cueva del Milod\u00f3n, una de las reservas naturales m\u00e1s importantes del pa\u00eds, con sus 550 metros sobre el nivel del mar es uno de los mejores miradores de la provincia y zona de avistamiento del ave voladora m\u00e1s [&hellip;]<\/p>","protected":false},"featured_media":1182,"comment_status":"open","ping_status":"closed","template":"","meta":[],"product_brand":[],"product_cat":[34,32],"product_tag":[],"class_list":{"0":"post-593","1":"product","2":"type-product","3":"status-publish","4":"has-post-thumbnail","6":"product_cat-puerto-natales","7":"product_cat-trekking","9":"first","10":"instock","11":"shipping-taxable","12":"product-type-simple"},"_links":{"self":[{"href":"https:\/\/onteaikenpatagonia.cl\/en\/wp-json\/wp\/v2\/product\/593","targetHints":{"allow":["GET"]}}],"collection":[{"href":"https:\/\/onteaikenpatagonia.cl\/en\/wp-json\/wp\/v2\/product"}],"about":[{"href":"https:\/\/onteaikenpatagonia.cl\/en\/wp-json\/wp\/v2\/types\/product"}],"replies":[{"embeddable":true,"href":"https:\/\/onteaikenpatagonia.cl\/en\/wp-json\/wp\/v2\/comments?post=593"}],"wp:featuredmedia":[{"embeddable":true,"href":"https:\/\/onteaikenpatagonia.cl\/en\/wp-json\/wp\/v2\/media\/1182"}],"wp:attachment":[{"href":"https:\/\/onteaikenpatagonia.cl\/en\/wp-json\/wp\/v2\/media?parent=593"}],"wp:term":[{"taxonomy":"product_brand","embeddable":true,"href":"https:\/\/onteaikenpatagonia.cl\/en\/wp-json\/wp\/v2\/product_brand?post=593"},{"taxonomy":"product_cat","embeddable":true,"href":"https:\/\/onteaikenpatagonia.cl\/en\/wp-json\/wp\/v2\/product_cat?post=593"},{"taxonomy":"product_tag","embeddable":true,"href":"https:\/\/onteaikenpatagonia.cl\/en\/wp-json\/wp\/v2\/product_tag?post=593"}],"curies":[{"name":"wp","href":"https:\/\/api.w.org\/{rel}","templated":true}]}}