{"id":592,"date":"2025-08-29T19:07:52","date_gmt":"2025-08-29T19:07:52","guid":{"rendered":"https:\/\/onteaikenpatagonia.cl\/?product=cabalgata-laguna-sofia"},"modified":"2026-02-02T04:41:29","modified_gmt":"2026-02-02T04:41:29","slug":"cabalgata-laguna-sofia","status":"publish","type":"product","link":"https:\/\/onteaikenpatagonia.cl\/en\/product\/cabalgata-laguna-sofia\/","title":{"rendered":"Horseback Ride Laguna Sofia"},"content":{"rendered":"<p>Visitaremos uno de los sectores m\u00e1s bellos en las cercan\u00edas de Puerto Natales, la hermosa laguna Sof\u00eda, ubicada a escasos 30 minutos de la ciudad.<\/p>\n<p>Realizaremos una cabalgata de 3 horas en donde llegaremos al Mirador C\u00f3ndor, ubicado en la Sierra Se\u00f1oret. Durante la excursi\u00f3n recorreremos bosques de Lenga cruzando r\u00edos y gran diversidad de avifauna. Al llegar al mirador podremos avistar al majestuoso C\u00f3ndor Andino junto a la espectacular geograf\u00eda esculpida por la era glaciar.<\/p>","protected":false},"excerpt":{"rendered":"<p>Visitaremos uno de los sectores m\u00e1s bellos en las cercan\u00edas de Puerto Natales, la hermosa laguna Sof\u00eda, ubicada a escasos 30 minutos de la ciudad.<\/p>","protected":false},"featured_media":1188,"comment_status":"open","ping_status":"closed","template":"","meta":[],"product_brand":[25],"product_cat":[33,34],"product_tag":[],"class_list":{"0":"post-592","1":"product","2":"type-product","3":"status-publish","4":"has-post-thumbnail","6":"product_brand-punta-arenas","7":"product_cat-cabalgatas","8":"product_cat-puerto-natales","10":"first","11":"instock","12":"shipping-taxable","13":"product-type-simple"},"_links":{"self":[{"href":"https:\/\/onteaikenpatagonia.cl\/en\/wp-json\/wp\/v2\/product\/592","targetHints":{"allow":["GET"]}}],"collection":[{"href":"https:\/\/onteaikenpatagonia.cl\/en\/wp-json\/wp\/v2\/product"}],"about":[{"href":"https:\/\/onteaikenpatagonia.cl\/en\/wp-json\/wp\/v2\/types\/product"}],"replies":[{"embeddable":true,"href":"https:\/\/onteaikenpatagonia.cl\/en\/wp-json\/wp\/v2\/comments?post=592"}],"wp:featuredmedia":[{"embeddable":true,"href":"https:\/\/onteaikenpatagonia.cl\/en\/wp-json\/wp\/v2\/media\/1188"}],"wp:attachment":[{"href":"https:\/\/onteaikenpatagonia.cl\/en\/wp-json\/wp\/v2\/media?parent=592"}],"wp:term":[{"taxonomy":"product_brand","embeddable":true,"href":"https:\/\/onteaikenpatagonia.cl\/en\/wp-json\/wp\/v2\/product_brand?post=592"},{"taxonomy":"product_cat","embeddable":true,"href":"https:\/\/onteaikenpatagonia.cl\/en\/wp-json\/wp\/v2\/product_cat?post=592"},{"taxonomy":"product_tag","embeddable":true,"href":"https:\/\/onteaikenpatagonia.cl\/en\/wp-json\/wp\/v2\/product_tag?post=592"}],"curies":[{"name":"wp","href":"https:\/\/api.w.org\/{rel}","templated":true}]}}