{"id":590,"date":"2025-08-29T19:07:52","date_gmt":"2025-08-29T19:07:52","guid":{"rendered":"https:\/\/onteaikenpatagonia.cl\/?product=city-tour-puerto-natales"},"modified":"2025-10-05T01:42:56","modified_gmt":"2025-10-05T01:42:56","slug":"city-tour-puerto-natales","status":"publish","type":"product","link":"https:\/\/onteaikenpatagonia.cl\/en\/product\/city-tour-puerto-natales\/","title":{"rendered":"City Tour Puerto Natales"},"content":{"rendered":"<p>We\u2019ll explore the most important cultural and natural attractions of the town. The tour includes a visit to the beautiful Villa Cari\u00f1o viewpoint, offering unmatched panoramic views of the city and its surrounding landscape; the Artisanal Fishermen\u2019s Pier, a key site for marine resource work and an important source of livelihood for many locals; and the historic Puerto Bories Cold Storage Plant, a former industrial hub that sparked the city\u2019s growth in the early 20th century and is now a National Historic Monument, among many others.\nAt the end of the tour, you\u2019ll be dropped off at your accommodation.<\/p>","protected":false},"excerpt":{"rendered":"<p>Recorre los atractivos culturales y naturales m\u00e1s relevantes del poblado. Se visitar\u00e1 el bello mirador Villa Cari\u00f1o, inigualable punto de vista de la ciudad y su geograf\u00eda circundante, el muelle de Pescadores Artesanales, lugar de faenas de recursos marinos e importante fuente de trabajo para gran parte de la poblaci\u00f3n, el antiguo Frigor\u00edfico Puerto Bories, [&hellip;]<\/p>","protected":false},"featured_media":1205,"comment_status":"open","ping_status":"closed","template":"","meta":[],"product_brand":[],"product_cat":[34],"product_tag":[],"class_list":{"0":"post-590","1":"product","2":"type-product","3":"status-publish","4":"has-post-thumbnail","6":"product_cat-puerto-natales","8":"first","9":"instock","10":"shipping-taxable","11":"product-type-simple"},"_links":{"self":[{"href":"https:\/\/onteaikenpatagonia.cl\/en\/wp-json\/wp\/v2\/product\/590","targetHints":{"allow":["GET"]}}],"collection":[{"href":"https:\/\/onteaikenpatagonia.cl\/en\/wp-json\/wp\/v2\/product"}],"about":[{"href":"https:\/\/onteaikenpatagonia.cl\/en\/wp-json\/wp\/v2\/types\/product"}],"replies":[{"embeddable":true,"href":"https:\/\/onteaikenpatagonia.cl\/en\/wp-json\/wp\/v2\/comments?post=590"}],"wp:featuredmedia":[{"embeddable":true,"href":"https:\/\/onteaikenpatagonia.cl\/en\/wp-json\/wp\/v2\/media\/1205"}],"wp:attachment":[{"href":"https:\/\/onteaikenpatagonia.cl\/en\/wp-json\/wp\/v2\/media?parent=590"}],"wp:term":[{"taxonomy":"product_brand","embeddable":true,"href":"https:\/\/onteaikenpatagonia.cl\/en\/wp-json\/wp\/v2\/product_brand?post=590"},{"taxonomy":"product_cat","embeddable":true,"href":"https:\/\/onteaikenpatagonia.cl\/en\/wp-json\/wp\/v2\/product_cat?post=590"},{"taxonomy":"product_tag","embeddable":true,"href":"https:\/\/onteaikenpatagonia.cl\/en\/wp-json\/wp\/v2\/product_tag?post=590"}],"curies":[{"name":"wp","href":"https:\/\/api.w.org\/{rel}","templated":true}]}}