{"id":589,"date":"2025-08-29T19:07:51","date_gmt":"2025-08-29T19:07:51","guid":{"rendered":"https:\/\/onteaikenpatagonia.cl\/?product=dia-de-estancia-patagonica"},"modified":"2025-10-05T01:43:11","modified_gmt":"2025-10-05T01:43:11","slug":"dia-de-estancia-patagonica","status":"publish","type":"product","link":"https:\/\/onteaikenpatagonia.cl\/en\/product\/dia-de-estancia-patagonica\/","title":{"rendered":"Patagonian Estancia Day"},"content":{"rendered":"<p>Estancia Lago Pinto was once a control post of the great livestock company Sociedad Explotadora Tierra del Fuego, which in the early 20th century owned much of the Chilean\u2013Argentine Patagonian territory, covering vast lands with thousands of sheep.\n\nIn the early 1980s, Don Pedro Pivcevic Mimica acquired the estancia. By the late 1990s, his son Iv\u00e1n Pivcevic Pavlovic took over its management, and today it is run by Pedro Pivcevic Jara, Iv\u00e1n\u2019s son \u2014 representing the third generation on the ranch.\n\nWe will ride through the Patagonian fields, enjoy a sheepdog demonstration \u2014 showcasing these loyal and essential working companions \u2014 and finish the day with a delicious traditional Magellanic lamb barbecue. After this authentic countryside experience, we\u2019ll begin our return to Puerto Natales.<\/p>","protected":false},"excerpt":{"rendered":"<p>Estancia Lago Pinto fue un puesto de control de la gran empresa ganadera Sociedad Explotadora Tierra del Fuego, la cual fuera a principios de siglo XX due\u00f1a de pr\u00e1cticamente toda la regi\u00f3n patag\u00f3nica chilena \u2013 argentina, cubriendo sus campos con miles de cabezas ovinas. A principios de los a\u00f1os 80 don Pedro Pivcevic Mimica adquiere [&hellip;]<\/p>","protected":false},"featured_media":1213,"comment_status":"open","ping_status":"closed","template":"","meta":[],"product_brand":[],"product_cat":[34],"product_tag":[],"class_list":{"0":"post-589","1":"product","2":"type-product","3":"status-publish","4":"has-post-thumbnail","6":"product_cat-puerto-natales","8":"first","9":"instock","10":"shipping-taxable","11":"product-type-simple"},"_links":{"self":[{"href":"https:\/\/onteaikenpatagonia.cl\/en\/wp-json\/wp\/v2\/product\/589","targetHints":{"allow":["GET"]}}],"collection":[{"href":"https:\/\/onteaikenpatagonia.cl\/en\/wp-json\/wp\/v2\/product"}],"about":[{"href":"https:\/\/onteaikenpatagonia.cl\/en\/wp-json\/wp\/v2\/types\/product"}],"replies":[{"embeddable":true,"href":"https:\/\/onteaikenpatagonia.cl\/en\/wp-json\/wp\/v2\/comments?post=589"}],"wp:featuredmedia":[{"embeddable":true,"href":"https:\/\/onteaikenpatagonia.cl\/en\/wp-json\/wp\/v2\/media\/1213"}],"wp:attachment":[{"href":"https:\/\/onteaikenpatagonia.cl\/en\/wp-json\/wp\/v2\/media?parent=589"}],"wp:term":[{"taxonomy":"product_brand","embeddable":true,"href":"https:\/\/onteaikenpatagonia.cl\/en\/wp-json\/wp\/v2\/product_brand?post=589"},{"taxonomy":"product_cat","embeddable":true,"href":"https:\/\/onteaikenpatagonia.cl\/en\/wp-json\/wp\/v2\/product_cat?post=589"},{"taxonomy":"product_tag","embeddable":true,"href":"https:\/\/onteaikenpatagonia.cl\/en\/wp-json\/wp\/v2\/product_tag?post=589"}],"curies":[{"name":"wp","href":"https:\/\/api.w.org\/{rel}","templated":true}]}}