{"id":588,"date":"2025-08-29T19:07:51","date_gmt":"2025-08-29T19:07:51","guid":{"rendered":"https:\/\/onteaikenpatagonia.cl\/?product=kayak-fiordo-eberhard"},"modified":"2026-02-02T04:23:22","modified_gmt":"2026-02-02T04:23:22","slug":"kayak-fiordo-eberhard","status":"publish","type":"product","link":"https:\/\/onteaikenpatagonia.cl\/en\/product\/kayak-fiordo-eberhard\/","title":{"rendered":"Kayak Eberhard Fjord"},"content":{"rendered":"<p>El fiordo Eberhard es un lugar lleno de historia, en sus costas se encuentran las localidades de Puerto Prat y Puerto Consuelo, n\u00facleo de la colonizaci\u00f3n europea en esta zona de la Patagonia. A 30 minutos de Puerto Natales arribaremos al peque\u00f1o poblado de Puerto Prat, donde nos alistaremos con la ropa adecuada para ingresar al mar a kayakear, hacemos una charla instructiva de seguridad y comenzamos la aventura.<\/p>\n<p>El remado comienza en Puerto Prat en direcci\u00f3n a Estancia Puerto Consuelo, bordeando la Isla de Los Muertos, la cual albergo el primer cementerio de la zona hace m\u00e1s de 100 a\u00f1os. Durante la traves\u00eda avistaremos muchas aves tales como cisnes de cuello negro, cisnes coscorobas, taguas, patos, flamencos, entre otros. En el trayecto de regreso realizaremos una peque\u00f1a parada para caminar hacia un mirador desde donde podremos apreciar los fiordos Ultima Esperanza y Eberhard, adem\u00e1s de la gran cordillera Paine hacia el norte.<\/p>\n<p>Volvemos a los kayak para regresar a Puerto Prat donde visitaremos una antigua casa de descendientes de colonos, quienes nos recibir\u00e1n con una bebida caliente y ricas sopaipillas con mermeladas caseras. Posteriormente regresamos a Puerto Natales.<\/p>","protected":false},"excerpt":{"rendered":"<p>El fiordo Eberhard es un lugar lleno de historia, en sus costas se encuentran las localidades de Puerto Prat y Puerto Consuelo, n\u00facleo de la colonizaci\u00f3n europea en esta zona de la Patagonia. A 30 minutos de Puerto Natales arribaremos al peque\u00f1o poblado de Puerto Prat, donde nos alistaremos con la ropa adecuada para ingresar [&hellip;]<\/p>","protected":false},"featured_media":1220,"comment_status":"open","ping_status":"closed","template":"","meta":[],"product_brand":[],"product_cat":[34],"product_tag":[],"class_list":{"0":"post-588","1":"product","2":"type-product","3":"status-publish","4":"has-post-thumbnail","6":"product_cat-puerto-natales","8":"first","9":"instock","10":"shipping-taxable","11":"product-type-simple"},"_links":{"self":[{"href":"https:\/\/onteaikenpatagonia.cl\/en\/wp-json\/wp\/v2\/product\/588","targetHints":{"allow":["GET"]}}],"collection":[{"href":"https:\/\/onteaikenpatagonia.cl\/en\/wp-json\/wp\/v2\/product"}],"about":[{"href":"https:\/\/onteaikenpatagonia.cl\/en\/wp-json\/wp\/v2\/types\/product"}],"replies":[{"embeddable":true,"href":"https:\/\/onteaikenpatagonia.cl\/en\/wp-json\/wp\/v2\/comments?post=588"}],"wp:featuredmedia":[{"embeddable":true,"href":"https:\/\/onteaikenpatagonia.cl\/en\/wp-json\/wp\/v2\/media\/1220"}],"wp:attachment":[{"href":"https:\/\/onteaikenpatagonia.cl\/en\/wp-json\/wp\/v2\/media?parent=588"}],"wp:term":[{"taxonomy":"product_brand","embeddable":true,"href":"https:\/\/onteaikenpatagonia.cl\/en\/wp-json\/wp\/v2\/product_brand?post=588"},{"taxonomy":"product_cat","embeddable":true,"href":"https:\/\/onteaikenpatagonia.cl\/en\/wp-json\/wp\/v2\/product_cat?post=588"},{"taxonomy":"product_tag","embeddable":true,"href":"https:\/\/onteaikenpatagonia.cl\/en\/wp-json\/wp\/v2\/product_tag?post=588"}],"curies":[{"name":"wp","href":"https:\/\/api.w.org\/{rel}","templated":true}]}}