{"id":587,"date":"2025-08-29T19:07:51","date_gmt":"2025-08-29T19:07:51","guid":{"rendered":"https:\/\/onteaikenpatagonia.cl\/?product=puma-tracking"},"modified":"2025-10-05T01:44:48","modified_gmt":"2025-10-05T01:44:48","slug":"puma-tracking","status":"publish","type":"product","link":"https:\/\/onteaikenpatagonia.cl\/en\/product\/puma-tracking\/","title":{"rendered":"Puma Tracking"},"content":{"rendered":"<p>The puma is the largest feline in the Andes Mountains and Patagonia. As a top predator in the food chain, it is difficult to spot in the wild, which is why one must venture deep into its natural habitat to photograph it.\n\nPumas are most active during twilight hours \u2014 at dawn and dusk \u2014 when sightings become more likely. Within the Torres del Paine National Park, these animals inhabit specific areas well known to our expert guides. During the excursion, it\u2019s also possible to observe other native wildlife such as guanacos, foxes, huemules (native deer), condors, eagles, and many more.<\/p>\n<p><strong>Descripci\u00f3n de la actividad:\u00a0<\/strong><br \/>\nAt 5:30 a.m., we\u2019ll pick you up from your accommodation in Puerto Natales to begin our excursion toward the northern area of the \u00daltima Esperanza Province. We\u2019ll pass through Cerro Castillo, a rural settlement located in the heart of the Patagonian steppe near the Argentinian border. From here, we\u2019ll continue across the vast Magellanic plains, gradually approaching the towering mountains to the west.\n\nOur journey will take us through the areas of Lake Sarmiento and Laguna Amarga, with the Paine mountain range as a constant and stunning backdrop. We\u2019ll walk along trails frequently used by pumas, observe native wildlife, and visit ancient cave paintings dating back over 11,000 years.\n\nWe\u2019ll spend the entire day tracking the elusive puma, immersing ourselves in its natural habitat. The return to Puerto Natales will be in the afternoon.<\/p>\n<p><strong>Note:<\/strong> Puma sightings are not guaranteed; however, there is a high probability of spotting them in the areas included in the excursion.<\/p>","protected":false},"excerpt":{"rendered":"<p>El Puma es el felino m\u00e1s grande de la Cordillera de Los Andes y Patagonia. Estando en el tope de la cadena alimenticia, es dif\u00edcil de divisar a simple vista, raz\u00f3n por la cual hay que adentrarse en su propio h\u00e1bitat para lograr fotografiarlos. La actividad del puma se concentra principalmente en horas crepusculares, amanecer [&hellip;]<\/p>","protected":false},"featured_media":1237,"comment_status":"open","ping_status":"closed","template":"","meta":[],"product_brand":[],"product_cat":[36,34,35],"product_tag":[],"class_list":{"0":"post-587","1":"product","2":"type-product","3":"status-publish","4":"has-post-thumbnail","6":"product_cat-fauna","7":"product_cat-puerto-natales","8":"product_cat-torres-del-paine","10":"first","11":"instock","12":"shipping-taxable","13":"product-type-simple"},"_links":{"self":[{"href":"https:\/\/onteaikenpatagonia.cl\/en\/wp-json\/wp\/v2\/product\/587","targetHints":{"allow":["GET"]}}],"collection":[{"href":"https:\/\/onteaikenpatagonia.cl\/en\/wp-json\/wp\/v2\/product"}],"about":[{"href":"https:\/\/onteaikenpatagonia.cl\/en\/wp-json\/wp\/v2\/types\/product"}],"replies":[{"embeddable":true,"href":"https:\/\/onteaikenpatagonia.cl\/en\/wp-json\/wp\/v2\/comments?post=587"}],"wp:featuredmedia":[{"embeddable":true,"href":"https:\/\/onteaikenpatagonia.cl\/en\/wp-json\/wp\/v2\/media\/1237"}],"wp:attachment":[{"href":"https:\/\/onteaikenpatagonia.cl\/en\/wp-json\/wp\/v2\/media?parent=587"}],"wp:term":[{"taxonomy":"product_brand","embeddable":true,"href":"https:\/\/onteaikenpatagonia.cl\/en\/wp-json\/wp\/v2\/product_brand?post=587"},{"taxonomy":"product_cat","embeddable":true,"href":"https:\/\/onteaikenpatagonia.cl\/en\/wp-json\/wp\/v2\/product_cat?post=587"},{"taxonomy":"product_tag","embeddable":true,"href":"https:\/\/onteaikenpatagonia.cl\/en\/wp-json\/wp\/v2\/product_tag?post=587"}],"curies":[{"name":"wp","href":"https:\/\/api.w.org\/{rel}","templated":true}]}}