{"id":586,"date":"2025-08-29T19:07:51","date_gmt":"2025-08-29T19:07:51","guid":{"rendered":"https:\/\/onteaikenpatagonia.cl\/?product=tour-3-cuevas"},"modified":"2025-10-05T03:00:06","modified_gmt":"2025-10-05T03:00:06","slug":"tour-3-cuevas","status":"publish","type":"product","link":"https:\/\/onteaikenpatagonia.cl\/en\/product\/tour-3-cuevas\/","title":{"rendered":"Three Caves Tour"},"content":{"rendered":"<p>A solo 30 minutos de Puerto Natales se ubica este importe monumento natural, donde podr\u00e1 conocer uno de los sitios arqueol\u00f3gicos y paleontol\u00f3gicos m\u00e1s importantes de Patagonia. Visitaremos el bello mirador de la cueva principal, desde donde obtendr\u00e1 una de las mejores vistas de la provincia, por sobre los 350 metros sobre el nivel mar. Se observar\u00e1n los rasgos geol\u00f3gicos e hidrogr\u00e1ficos que hablan del g\u00e9lido pasado regional, adem\u00e1s de observarse el paisaje patag\u00f3nico en gran plenitud. Posterior a esto comenzaremos con nuestro recorrido por las tres cuevas de la reserva, dirigi\u00e9ndonos primeramente hacia la m\u00e1s chica de todas, la denominada \u201cCueva Chica\u201d. A esta caverna, interesante por sus dimensiones, se puede acceder hasta casi su fondo para divisar las extraordinarias formaciones producto del goteo entre las rocas y los sedimentos carbonatados. Visitada esta cueva, seguiremos nuestra ruta esta vez hacia la Cueva del Medio, lugar donde se encontr\u00f3 el fechado m\u00e1s antiguo del poblamiento humano primitivo de la Patagonia hace 12.000 a\u00f1os aproximadamente, siendo uno de los sitios arqueol\u00f3gicos m\u00e1s importantes del cono sur americano.<\/p>\n<p>Para finalmente dirigirnos a la m\u00e1s grande y famosa de estas, la Cueva del Milod\u00f3n. Esta gran caverna de 200 metros de profundidad donde fuese encontrado a fines del siglo XIX restos org\u00e1nicos del extinto animal, posee en su interior un gran circuito con paneles informativos y r\u00e9plica en tama\u00f1o real para el inter\u00e9s de los visitantes.<\/p>\n<p>Finalizado el recorrido, comenzaremos nuestro regreso a Puerto Natales.<\/p>","protected":false},"excerpt":{"rendered":"<p>A solo 30 minutos de Puerto Natales se ubica este importe monumento natural, donde podr\u00e1 conocer uno de los sitios arqueol\u00f3gicos y paleontol\u00f3gicos m\u00e1s importantes de Patagonia. Visitaremos el bello mirador de la cueva principal, desde donde obtendr\u00e1 una de las mejores vistas de la provincia, por sobre los 350 metros sobre el nivel mar. [&hellip;]<\/p>","protected":false},"featured_media":1248,"comment_status":"open","ping_status":"closed","template":"","meta":[],"product_brand":[],"product_cat":[34],"product_tag":[],"class_list":{"0":"post-586","1":"product","2":"type-product","3":"status-publish","4":"has-post-thumbnail","6":"product_cat-puerto-natales","8":"first","9":"instock","10":"shipping-taxable","11":"product-type-simple"},"_links":{"self":[{"href":"https:\/\/onteaikenpatagonia.cl\/en\/wp-json\/wp\/v2\/product\/586","targetHints":{"allow":["GET"]}}],"collection":[{"href":"https:\/\/onteaikenpatagonia.cl\/en\/wp-json\/wp\/v2\/product"}],"about":[{"href":"https:\/\/onteaikenpatagonia.cl\/en\/wp-json\/wp\/v2\/types\/product"}],"replies":[{"embeddable":true,"href":"https:\/\/onteaikenpatagonia.cl\/en\/wp-json\/wp\/v2\/comments?post=586"}],"wp:featuredmedia":[{"embeddable":true,"href":"https:\/\/onteaikenpatagonia.cl\/en\/wp-json\/wp\/v2\/media\/1248"}],"wp:attachment":[{"href":"https:\/\/onteaikenpatagonia.cl\/en\/wp-json\/wp\/v2\/media?parent=586"}],"wp:term":[{"taxonomy":"product_brand","embeddable":true,"href":"https:\/\/onteaikenpatagonia.cl\/en\/wp-json\/wp\/v2\/product_brand?post=586"},{"taxonomy":"product_cat","embeddable":true,"href":"https:\/\/onteaikenpatagonia.cl\/en\/wp-json\/wp\/v2\/product_cat?post=586"},{"taxonomy":"product_tag","embeddable":true,"href":"https:\/\/onteaikenpatagonia.cl\/en\/wp-json\/wp\/v2\/product_tag?post=586"}],"curies":[{"name":"wp","href":"https:\/\/api.w.org\/{rel}","templated":true}]}}