{"id":585,"date":"2025-08-29T19:07:50","date_gmt":"2025-08-29T19:07:50","guid":{"rendered":"https:\/\/onteaikenpatagonia.cl\/?product=tour-full-day-glaciar-perito-moreno"},"modified":"2025-10-05T03:03:03","modified_gmt":"2025-10-05T03:03:03","slug":"tour-full-day-glaciar-perito-moreno","status":"publish","type":"product","link":"https:\/\/onteaikenpatagonia.cl\/en\/product\/tour-full-day-glaciar-perito-moreno\/","title":{"rendered":"Full Day Perito Moreno Glacier Tour"},"content":{"rendered":"<p>Descripci\u00f3n:<\/p>\n<p>Tour de un d\u00eda completo saliendo desde Puerto Natales a las 07:00am y retornando alrededor de las 22:00hrs. Posterior a cruzar las fronteras chilena y argentina en Cerro Castillo y Cancha Carrera, la ruta recorre la inmensidad de la estepa patag\u00f3nica argentina, para llegar a la pintoresca ciudad de El Calafate, a unos 270 kms al norte de Puerto Natales. Durante el trayecto se pueden avistar especies de fauna local como guanacos y \u00f1and\u00faes, y apreciar tambi\u00e9n el lago Argentino y el r\u00edo Santa Cruz en su camino al oc\u00e9ano Atl\u00e1ntico. Desde ac\u00e1 restan 45 minutos a 1 hora para ingresar al Parque Nacional Los Glaciares, con su principal gran atractivo, el Glaciar Perito Moreno. Este ofrece un espect\u00e1culo de im\u00e1genes y sonidos, los ligeros desprendimientos de hielo ocurren permanentemente, por lo que es muy posible presenciar este particular fen\u00f3meno de la naturaleza. La singularidad del glaciar no s\u00f3lo recae en sus 30 km de largo y su f\u00e1cil acceso, sino tambi\u00e9n en que es uno de los pocos que se encuentra avanzando, mientras la mayor\u00eda de los glaciares del mundo se encuentran retrocediendo. Las pasarelas, balcones y miradores instalados en el parque nacional permite acercarse al Perito Moreno sin peligro incluso a personas mayores o con alguna discapacidad f\u00edsica. Posterior a dos horas en el Parque Nacional, la excursi\u00f3n concluye con el regreso a Puerto Natales por la misma ruta.<\/p>\n<p>Observaciones:<br \/>\nEs posible tomar la navegaci\u00f3n en el lago para acercarse al Glaciar Perito Moreno. Esta se contrata directamente en el Parque Nacional y se coordina con el gu\u00eda local que se sube en El Calafate.<\/p>\n<p>La entrada al Parque Nacional se paga en pesos argentinos. Se recomienda cambiar plata en Puerto Natales dado que no se realizar\u00e1n paradas durante el trayecto a excepci\u00f3n de frontera.<\/p>","protected":false},"excerpt":{"rendered":"<p>Descripci\u00f3n: Tour de un d\u00eda completo saliendo desde Puerto Natales a las 07:00am y retornando alrededor de las 22:00hrs. Posterior a cruzar las fronteras chilena y argentina en Cerro Castillo y Cancha Carrera, la ruta recorre la inmensidad de la estepa patag\u00f3nica argentina, para llegar a la pintoresca ciudad de El Calafate, a unos 270 [&hellip;]<\/p>","protected":false},"featured_media":1250,"comment_status":"open","ping_status":"closed","template":"","meta":[],"product_brand":[],"product_cat":[27],"product_tag":[],"class_list":{"0":"post-585","1":"product","2":"type-product","3":"status-publish","4":"has-post-thumbnail","6":"product_cat-patagonia-argentina","8":"first","9":"instock","10":"shipping-taxable","11":"product-type-simple"},"_links":{"self":[{"href":"https:\/\/onteaikenpatagonia.cl\/en\/wp-json\/wp\/v2\/product\/585","targetHints":{"allow":["GET"]}}],"collection":[{"href":"https:\/\/onteaikenpatagonia.cl\/en\/wp-json\/wp\/v2\/product"}],"about":[{"href":"https:\/\/onteaikenpatagonia.cl\/en\/wp-json\/wp\/v2\/types\/product"}],"replies":[{"embeddable":true,"href":"https:\/\/onteaikenpatagonia.cl\/en\/wp-json\/wp\/v2\/comments?post=585"}],"wp:featuredmedia":[{"embeddable":true,"href":"https:\/\/onteaikenpatagonia.cl\/en\/wp-json\/wp\/v2\/media\/1250"}],"wp:attachment":[{"href":"https:\/\/onteaikenpatagonia.cl\/en\/wp-json\/wp\/v2\/media?parent=585"}],"wp:term":[{"taxonomy":"product_brand","embeddable":true,"href":"https:\/\/onteaikenpatagonia.cl\/en\/wp-json\/wp\/v2\/product_brand?post=585"},{"taxonomy":"product_cat","embeddable":true,"href":"https:\/\/onteaikenpatagonia.cl\/en\/wp-json\/wp\/v2\/product_cat?post=585"},{"taxonomy":"product_tag","embeddable":true,"href":"https:\/\/onteaikenpatagonia.cl\/en\/wp-json\/wp\/v2\/product_tag?post=585"}],"curies":[{"name":"wp","href":"https:\/\/api.w.org\/{rel}","templated":true}]}}