{"id":584,"date":"2025-08-29T19:07:48","date_gmt":"2025-08-29T19:07:48","guid":{"rendered":"https:\/\/onteaikenpatagonia.cl\/?product=tour-full-day-paine"},"modified":"2026-02-02T17:18:46","modified_gmt":"2026-02-02T17:18:46","slug":"tour-full-day-paine","status":"publish","type":"product","link":"https:\/\/onteaikenpatagonia.cl\/en\/product\/tour-full-day-paine\/","title":{"rendered":"Tour Full Day Paine"},"content":{"rendered":"<p>We\u2019ll pick you up from your accommodation in Puerto Natales to begin our journey north through the \u00daltima Esperanza Province. Along the way, we\u2019ll pass Cerro Castillo, a rural settlement located in the middle of the Patagonian steppe and near the border with Argentina.\n\nFrom there, we\u2019ll continue across the vast Magellanic steppe, heading west toward the majestic mountains of the Cordillera Paine. We\u2019ll travel north to south through Torres del Paine National Park, making stops at scenic viewpoints such as Lake Sarmiento, Laguna Amarga, Lake Nordenskj\u00f6ld, and Lake Peho\u00e9. We\u2019ll also take short walks to the Salto Grande and Grey Lake viewpoints.\n\nThroughout the day, we\u2019ll have the opportunity to observe the unique Patagonian flora and fauna at the foot of the world-famous Paine Massif.\n\nAs we leave the park, we\u2019ll visit another of the region\u2019s most important protected areas \u2014 the Cueva del Milod\u00f3n Natural Monument. Here, we\u2019ll explore the main chamber, which features valuable archaeological and paleontological information about Patagonia, and we\u2019ll enter the large cave that gives the reserve its name.\n\nWe\u2019ll return to Puerto Natales around 6:00 p.m., after a day filled with breathtaking landscapes and natural wonders.<\/p>","protected":false},"excerpt":{"rendered":"<p>Lo retiramos desde su lugar de alojamiento en Puerto Natales para iniciar nuestro recorrido hacia el norte de la Provincia de Ultima Esperanza. Pasaremos por Cerro Castillo, asentamiento rural ubicado en medio de la pampa patag\u00f3nica y frontera con el pa\u00eds de Argentina. Desde aqu\u00ed continuamos atravesando la estepa magall\u00e1nica, hasta encontraros con grandes monta\u00f1as [&hellip;]<\/p>","protected":false},"featured_media":1253,"comment_status":"open","ping_status":"closed","template":"","meta":[],"product_brand":[],"product_cat":[34,35],"product_tag":[],"class_list":{"0":"post-584","1":"product","2":"type-product","3":"status-publish","4":"has-post-thumbnail","6":"product_cat-puerto-natales","7":"product_cat-torres-del-paine","9":"first","10":"instock","11":"shipping-taxable","12":"product-type-simple"},"_links":{"self":[{"href":"https:\/\/onteaikenpatagonia.cl\/en\/wp-json\/wp\/v2\/product\/584","targetHints":{"allow":["GET"]}}],"collection":[{"href":"https:\/\/onteaikenpatagonia.cl\/en\/wp-json\/wp\/v2\/product"}],"about":[{"href":"https:\/\/onteaikenpatagonia.cl\/en\/wp-json\/wp\/v2\/types\/product"}],"replies":[{"embeddable":true,"href":"https:\/\/onteaikenpatagonia.cl\/en\/wp-json\/wp\/v2\/comments?post=584"}],"wp:featuredmedia":[{"embeddable":true,"href":"https:\/\/onteaikenpatagonia.cl\/en\/wp-json\/wp\/v2\/media\/1253"}],"wp:attachment":[{"href":"https:\/\/onteaikenpatagonia.cl\/en\/wp-json\/wp\/v2\/media?parent=584"}],"wp:term":[{"taxonomy":"product_brand","embeddable":true,"href":"https:\/\/onteaikenpatagonia.cl\/en\/wp-json\/wp\/v2\/product_brand?post=584"},{"taxonomy":"product_cat","embeddable":true,"href":"https:\/\/onteaikenpatagonia.cl\/en\/wp-json\/wp\/v2\/product_cat?post=584"},{"taxonomy":"product_tag","embeddable":true,"href":"https:\/\/onteaikenpatagonia.cl\/en\/wp-json\/wp\/v2\/product_tag?post=584"}],"curies":[{"name":"wp","href":"https:\/\/api.w.org\/{rel}","templated":true}]}}