{"id":583,"date":"2025-08-29T19:07:47","date_gmt":"2025-08-29T19:07:47","guid":{"rendered":"https:\/\/onteaikenpatagonia.cl\/?product=tour-full-day-parque-pinguino-rey"},"modified":"2025-10-05T03:08:53","modified_gmt":"2025-10-05T03:08:53","slug":"tour-full-day-parque-pinguino-rey","status":"publish","type":"product","link":"https:\/\/onteaikenpatagonia.cl\/en\/product\/tour-full-day-parque-pinguino-rey\/","title":{"rendered":"Tour Full Day Parque Ping\u00fcino Rey"},"content":{"rendered":"<p>Descripci\u00f3n:<br \/>\nEl Ping\u00fcino Rey es el segundo ping\u00fcino m\u00e1s grande del planeta, despu\u00e9s del Ping\u00fcino Emperador. Es un ave migratoria que se moviliza desde sus sitios de reproducci\u00f3n en algunas islas sub-ant\u00e1rticas en busca de alimento. En las costas de Tierra del Fuego sabemos que ha sido un visitante frecuente desde la \u00e9poca en que viv\u00edan los nativos Selknam debido a que se han encontrado restos \u00f3seos de ping\u00fcino rey en sus sitios arqueol\u00f3gicos. Saliendo desde Punta Arenas cruzaremos el hist\u00f3rico Estrecho de Magallane en la Barcaza que une el continente con la isla m\u00e1s grande Chile. Podremos avistar aves pel\u00e1gicas como petreles, a su vez lobos marinos y toninas, fauna caracter\u00edstica de los canales australes. Arribado a la isla nos internaremos por la pampa patag\u00f3nica hasta llegar a Bah\u00eda In\u00fatil, lugar donde se ubica una de las colonias m\u00e1s importantes actualmente de esta especie de ave. Colonia en estudio con un plan de manejo para preservar su h\u00e1bitat en el tiempo.<\/p>","protected":false},"excerpt":{"rendered":"<p>Descripci\u00f3n: El Ping\u00fcino Rey es el segundo ping\u00fcino m\u00e1s grande del planeta, despu\u00e9s del Ping\u00fcino Emperador. Es un ave migratoria que se moviliza desde sus sitios de reproducci\u00f3n en algunas islas sub-ant\u00e1rticas en busca de alimento. En las costas de Tierra del Fuego sabemos que ha sido un visitante frecuente desde la \u00e9poca en que [&hellip;]<\/p>","protected":false},"featured_media":1259,"comment_status":"open","ping_status":"closed","template":"","meta":[],"product_brand":[],"product_cat":[31],"product_tag":[],"class_list":{"0":"post-583","1":"product","2":"type-product","3":"status-publish","4":"has-post-thumbnail","6":"product_cat-punta-arenas","8":"first","9":"instock","10":"shipping-taxable","11":"product-type-simple"},"_links":{"self":[{"href":"https:\/\/onteaikenpatagonia.cl\/en\/wp-json\/wp\/v2\/product\/583","targetHints":{"allow":["GET"]}}],"collection":[{"href":"https:\/\/onteaikenpatagonia.cl\/en\/wp-json\/wp\/v2\/product"}],"about":[{"href":"https:\/\/onteaikenpatagonia.cl\/en\/wp-json\/wp\/v2\/types\/product"}],"replies":[{"embeddable":true,"href":"https:\/\/onteaikenpatagonia.cl\/en\/wp-json\/wp\/v2\/comments?post=583"}],"wp:featuredmedia":[{"embeddable":true,"href":"https:\/\/onteaikenpatagonia.cl\/en\/wp-json\/wp\/v2\/media\/1259"}],"wp:attachment":[{"href":"https:\/\/onteaikenpatagonia.cl\/en\/wp-json\/wp\/v2\/media?parent=583"}],"wp:term":[{"taxonomy":"product_brand","embeddable":true,"href":"https:\/\/onteaikenpatagonia.cl\/en\/wp-json\/wp\/v2\/product_brand?post=583"},{"taxonomy":"product_cat","embeddable":true,"href":"https:\/\/onteaikenpatagonia.cl\/en\/wp-json\/wp\/v2\/product_cat?post=583"},{"taxonomy":"product_tag","embeddable":true,"href":"https:\/\/onteaikenpatagonia.cl\/en\/wp-json\/wp\/v2\/product_tag?post=583"}],"curies":[{"name":"wp","href":"https:\/\/api.w.org\/{rel}","templated":true}]}}