{"id":582,"date":"2025-08-29T19:07:47","date_gmt":"2025-08-29T19:07:47","guid":{"rendered":"https:\/\/onteaikenpatagonia.cl\/?product=tour-glaciares-de-balmaceda-serrano"},"modified":"2025-10-05T03:12:45","modified_gmt":"2025-10-05T03:12:45","slug":"tour-glaciares-de-balmaceda-serrano","status":"publish","type":"product","link":"https:\/\/onteaikenpatagonia.cl\/en\/product\/tour-glaciares-de-balmaceda-serrano\/","title":{"rendered":"Balmaceda &amp; Serrano Glaciers Tour"},"content":{"rendered":"<p>Descripci\u00f3n:<br \/>\nEste es un imperdible si visitas Puerto Natales. Te invitamos a conocer el incre\u00edble mundo de los fiordos australes. Durante el d\u00eda podr\u00e1s apreciar la flora y fauna nativa, visitar los Glaciares Balmaceda &amp; Serrano, y disfrutar de un rico Whisky con hielo milenario.<\/p>\n<p>NOTA: En caso de cancelaci\u00f3n de la navegaci\u00f3n por condiciones clim\u00e1ticas se proceder\u00e1 con el reembolso de la misma, no as\u00ed del servicio de transporte que no se encuentra sujeto a reembolsos.<\/p>","protected":false},"excerpt":{"rendered":"<p>Descripci\u00f3n: Este es un imperdible si visitas Puerto Natales. Te invitamos a conocer el incre\u00edble mundo de los fiordos australes. Durante el d\u00eda podr\u00e1s apreciar la flora y fauna nativa, visitar los Glaciares Balmaceda &amp; Serrano, y disfrutar de un rico Whisky con hielo milenario. NOTA: En caso de cancelaci\u00f3n de la navegaci\u00f3n por condiciones [&hellip;]<\/p>","protected":false},"featured_media":1260,"comment_status":"open","ping_status":"closed","template":"","meta":[],"product_brand":[],"product_cat":[37,34],"product_tag":[],"class_list":{"0":"post-582","1":"product","2":"type-product","3":"status-publish","4":"has-post-thumbnail","6":"product_cat-glaciares","7":"product_cat-puerto-natales","9":"first","10":"instock","11":"shipping-taxable","12":"product-type-simple"},"_links":{"self":[{"href":"https:\/\/onteaikenpatagonia.cl\/en\/wp-json\/wp\/v2\/product\/582","targetHints":{"allow":["GET"]}}],"collection":[{"href":"https:\/\/onteaikenpatagonia.cl\/en\/wp-json\/wp\/v2\/product"}],"about":[{"href":"https:\/\/onteaikenpatagonia.cl\/en\/wp-json\/wp\/v2\/types\/product"}],"replies":[{"embeddable":true,"href":"https:\/\/onteaikenpatagonia.cl\/en\/wp-json\/wp\/v2\/comments?post=582"}],"wp:featuredmedia":[{"embeddable":true,"href":"https:\/\/onteaikenpatagonia.cl\/en\/wp-json\/wp\/v2\/media\/1260"}],"wp:attachment":[{"href":"https:\/\/onteaikenpatagonia.cl\/en\/wp-json\/wp\/v2\/media?parent=582"}],"wp:term":[{"taxonomy":"product_brand","embeddable":true,"href":"https:\/\/onteaikenpatagonia.cl\/en\/wp-json\/wp\/v2\/product_brand?post=582"},{"taxonomy":"product_cat","embeddable":true,"href":"https:\/\/onteaikenpatagonia.cl\/en\/wp-json\/wp\/v2\/product_cat?post=582"},{"taxonomy":"product_tag","embeddable":true,"href":"https:\/\/onteaikenpatagonia.cl\/en\/wp-json\/wp\/v2\/product_tag?post=582"}],"curies":[{"name":"wp","href":"https:\/\/api.w.org\/{rel}","templated":true}]}}