{"id":581,"date":"2025-08-29T19:07:47","date_gmt":"2025-08-29T19:07:47","guid":{"rendered":"https:\/\/onteaikenpatagonia.cl\/?product=tour-isla-magdalena"},"modified":"2025-10-05T03:15:59","modified_gmt":"2025-10-05T03:15:59","slug":"tour-isla-magdalena","status":"publish","type":"product","link":"https:\/\/onteaikenpatagonia.cl\/en\/product\/tour-isla-magdalena\/","title":{"rendered":"Tour Magdalena Island"},"content":{"rendered":"<p>El Tour Isla Magdalena comprende la visita un ecosistema \u00fanico. Isla Magdalena es una isla Chilena ubicada en el Estrecho de Magallanes, conocida por ser Monumento Natural de los Ping\u00fcinos, podr\u00e1s interactuar con Ping\u00fcinos de Magallanes o tambi\u00e9n conocidos como Ping\u00fcino Patag\u00f3nico.<\/p>\n<p>Podr\u00e1s admirar y fotografiar especies maravillosas como Cormoranes, Gaviotas Australes y Palomas Ant\u00e1rticas, elefantes marinos y lobos de mar, especies bajo protecci\u00f3n a la vida silvestre por lo que la interacci\u00f3n no es permitida, pero el desembarque en Isla Magdalena nos permitir\u00e1 brindarte una experiencia inolvidable con otras especies y los inigualables ping\u00fcinos.<\/p>\n<p>Un paseo inolvidable que nos permite admirar la impresionante y \u00fanica geograf\u00eda austral.<\/p>\n<p>Para detalles del tour continua leyendo la descripci\u00f3n del mismo y qu\u00e9 incluye.<\/p>\n<p>Inicio desde Puerto Natales 10:00 am \/ T\u00e9rmino en Puerto Natales: 21:30 hrs aprox (d\u00eda completo)<br \/>\nInicio desde Punta Arenas 07:00 am o 13:30 hrs \/ T\u00e9rmino en Punta Arenas: 12:00 hrs o 18:30 hrs.<\/p>\n<p>Descripci\u00f3n desde Puerto Natales:<br \/>\nUna experiencia inolvidable. Isla Magdalena permite interactuar con una de las mayores colonias de Ping\u00fcinos Magall\u00e1nicos, superando las 150.000 aves. Durante la navegaci\u00f3n es posible avistar tambi\u00e9n Delfines Australes y Toninas Overas.<\/p>\n<p>A las 13:00 hrs es la presentaci\u00f3n en el muelle de embarque, por lo que desde Puerto Natales a las 10:00 am nuestro transfer privado lo recoger\u00e1 en su Hotel para trasladarlo hasta all\u00ed.<\/p>\n<p>La actividad cuenta con una duraci\u00f3n de 3 horas y media aproximadamente, una vez finalizada regresaremos a la ciudad de Puerto Natales, llegando a su alojamiento alrededor de las 21:30 hrs.<\/p>\n<p>Descripci\u00f3n desde Punta Arenas:<br \/>\nUna experiencia inolvidable. Isla Magdalena permite interactuar con una de las mayores colonias de Ping\u00fcinos Magall\u00e1nicos, superando las 150.000 aves. Durante la navegaci\u00f3n es posible avistar tambi\u00e9n Delfines Australes y Toninas Overas.<\/p>\n<p>Entre las 06:45 y 07:45 \/ 13:15 \u2013 14:15 hrs se realizar\u00e1 el pick up en su alojamiento para que posteriormente el zarpe de la actividad se realice a las 08:00 \/ 14:30 hrs.<\/p>\n<p>La navegaci\u00f3n cuenta con una duraci\u00f3n de 3 horas y media aproximadamente, una vez finalizada regresaremos al muelle alrededor de las 12:00 \/ 18:30 hrs para brindarles transporte directo a su alojamiento.<\/p>\n<p>NOTA: En caso de cancelaci\u00f3n de la navegaci\u00f3n por condiciones clim\u00e1ticas se proceder\u00e1 con el reembolso de la misma, no as\u00ed del servicio de transporte que no se encuentra sujeto a reembolsos.<\/p>","protected":false},"excerpt":{"rendered":"<p>El Tour Isla Magdalena comprende la visita un ecosistema \u00fanico. Isla Magdalena es una isla Chilena ubicada en el Estrecho de Magallanes, conocida por ser Monumento Natural de los Ping\u00fcinos, podr\u00e1s interactuar con Ping\u00fcinos de Magallanes o tambi\u00e9n conocidos como Ping\u00fcino Patag\u00f3nico. Podr\u00e1s admirar y fotografiar especies maravillosas como Cormoranes, Gaviotas Australes y Palomas Ant\u00e1rticas, [&hellip;]<\/p>","protected":false},"featured_media":1265,"comment_status":"open","ping_status":"closed","template":"","meta":[],"product_brand":[],"product_cat":[31],"product_tag":[],"class_list":{"0":"post-581","1":"product","2":"type-product","3":"status-publish","4":"has-post-thumbnail","6":"product_cat-punta-arenas","8":"first","9":"instock","10":"shipping-taxable","11":"product-type-simple"},"_links":{"self":[{"href":"https:\/\/onteaikenpatagonia.cl\/en\/wp-json\/wp\/v2\/product\/581","targetHints":{"allow":["GET"]}}],"collection":[{"href":"https:\/\/onteaikenpatagonia.cl\/en\/wp-json\/wp\/v2\/product"}],"about":[{"href":"https:\/\/onteaikenpatagonia.cl\/en\/wp-json\/wp\/v2\/types\/product"}],"replies":[{"embeddable":true,"href":"https:\/\/onteaikenpatagonia.cl\/en\/wp-json\/wp\/v2\/comments?post=581"}],"wp:featuredmedia":[{"embeddable":true,"href":"https:\/\/onteaikenpatagonia.cl\/en\/wp-json\/wp\/v2\/media\/1265"}],"wp:attachment":[{"href":"https:\/\/onteaikenpatagonia.cl\/en\/wp-json\/wp\/v2\/media?parent=581"}],"wp:term":[{"taxonomy":"product_brand","embeddable":true,"href":"https:\/\/onteaikenpatagonia.cl\/en\/wp-json\/wp\/v2\/product_brand?post=581"},{"taxonomy":"product_cat","embeddable":true,"href":"https:\/\/onteaikenpatagonia.cl\/en\/wp-json\/wp\/v2\/product_cat?post=581"},{"taxonomy":"product_tag","embeddable":true,"href":"https:\/\/onteaikenpatagonia.cl\/en\/wp-json\/wp\/v2\/product_tag?post=581"}],"curies":[{"name":"wp","href":"https:\/\/api.w.org\/{rel}","templated":true}]}}