{"id":580,"date":"2025-08-29T19:07:47","date_gmt":"2025-08-29T19:07:47","guid":{"rendered":"https:\/\/onteaikenpatagonia.cl\/?product=tour-navegacion-lago-grey-traslado-grupal"},"modified":"2026-01-23T13:52:22","modified_gmt":"2026-01-23T13:52:22","slug":"tour-navegacion-lago-grey-traslado-grupal","status":"publish","type":"product","link":"https:\/\/onteaikenpatagonia.cl\/en\/product\/tour-navegacion-lago-grey-traslado-grupal\/","title":{"rendered":"Grey Lake Navigation Tour + Group Transfer"},"content":{"rendered":"<p>Temprano por la ma\u00f1ana los retiramos desde su lugar de alojamiento en Puerto Natales para iniciar nuestra ruta de 2 horas hacia el noroeste de la Provincia de Ultima Esperanza hasta el bello Lago Grey, ubicado en el Parque Nacional Torres del Paine.<\/p>\n<p>Visitaremos uno de los glaciares m\u00e1s famosos de Patagonia, el Glaciar Grey. Aproximadamente tres horas de duraci\u00f3n tiene el circuito por todo el lago, surcando por medio de gigantes t\u00e9mpanos de hielo que flotan a la deriva, con la imponente cordillera Paine de tel\u00f3n de fondo.<\/p>\n<p>Junto a un buen pisco sour con hielo glaciar, navegaremos por el frontis mismo del glaciar, podr\u00e1 apreciar incre\u00edbles desprendimiento de hielo y avistar el Campo de Hielo Sur, la tercera reserva de agua dulce m\u00e1s grande del Planeta.<\/p>\n<p>Una vez finalizado el tour, nuestro transfer estar\u00e1 esperando para regresar a Puerto Natales.<\/p>","protected":false},"excerpt":{"rendered":"<p>Temprano por la ma\u00f1ana los retiramos desde su lugar de alojamiento en Puerto Natales para iniciar nuestra ruta de 2 horas hacia el noroeste de la Provincia de Ultima Esperanza hasta el bello Lago Grey, ubicado en el Parque Nacional Torres del Paine. Visitaremos uno de los glaciares m\u00e1s famosos de Patagonia, el Glaciar Grey. [&hellip;]<\/p>","protected":false},"featured_media":1269,"comment_status":"open","ping_status":"closed","template":"","meta":[],"product_brand":[],"product_cat":[37,34],"product_tag":[],"class_list":{"0":"post-580","1":"product","2":"type-product","3":"status-publish","4":"has-post-thumbnail","6":"product_cat-glaciares","7":"product_cat-puerto-natales","9":"first","10":"instock","11":"shipping-taxable","12":"product-type-simple"},"_links":{"self":[{"href":"https:\/\/onteaikenpatagonia.cl\/en\/wp-json\/wp\/v2\/product\/580","targetHints":{"allow":["GET"]}}],"collection":[{"href":"https:\/\/onteaikenpatagonia.cl\/en\/wp-json\/wp\/v2\/product"}],"about":[{"href":"https:\/\/onteaikenpatagonia.cl\/en\/wp-json\/wp\/v2\/types\/product"}],"replies":[{"embeddable":true,"href":"https:\/\/onteaikenpatagonia.cl\/en\/wp-json\/wp\/v2\/comments?post=580"}],"wp:featuredmedia":[{"embeddable":true,"href":"https:\/\/onteaikenpatagonia.cl\/en\/wp-json\/wp\/v2\/media\/1269"}],"wp:attachment":[{"href":"https:\/\/onteaikenpatagonia.cl\/en\/wp-json\/wp\/v2\/media?parent=580"}],"wp:term":[{"taxonomy":"product_brand","embeddable":true,"href":"https:\/\/onteaikenpatagonia.cl\/en\/wp-json\/wp\/v2\/product_brand?post=580"},{"taxonomy":"product_cat","embeddable":true,"href":"https:\/\/onteaikenpatagonia.cl\/en\/wp-json\/wp\/v2\/product_cat?post=580"},{"taxonomy":"product_tag","embeddable":true,"href":"https:\/\/onteaikenpatagonia.cl\/en\/wp-json\/wp\/v2\/product_tag?post=580"}],"curies":[{"name":"wp","href":"https:\/\/api.w.org\/{rel}","templated":true}]}}