{"id":579,"date":"2025-08-29T19:07:46","date_gmt":"2025-08-29T19:07:46","guid":{"rendered":"https:\/\/onteaikenpatagonia.cl\/?product=trekking-mirador-base-torres"},"modified":"2026-02-15T04:41:08","modified_gmt":"2026-02-15T04:41:08","slug":"trekking-mirador-base-torres","status":"publish","type":"product","link":"https:\/\/onteaikenpatagonia.cl\/en\/product\/trekking-mirador-base-torres\/","title":{"rendered":"Base Torres Viewpoint Trek"},"content":{"rendered":"<p>El Tour Torres del Paine: Trek Mirador bases Torres se realiza en el Parque Nacional Torres del Paine que se encuentra ubicado en la Regi\u00f3n de Magallanes y la Ant\u00e1rtica Chilena, adem\u00e1s de ser un parque nacional tambi\u00e9n fue declarado Reserva de la Biosfera por la UNESCO en 1978 y en 2013 virtualtourist.com de TripAdvisor Media Group, lo calific\u00f3 como la octava maravilla del mundo, en un re\u00f1ido concurso disputado por m\u00e1s de 50 pa\u00edses y 330 maravillosos destinos, Todo esto hace del Parque Nacional Torres del Paine un destino \u00fanico e inolvidable.<\/p>\n<p>Durante el Tour Torres del Paine podr\u00e1s disfrutar de incre\u00edbles r\u00edos, sublimes lagos de color turquesa, bosques v\u00edrgenes, majestuosos macizos, glaciares ancestrales y una paleta de colores azules conformada por lagos, glaciares y el cielo que te regalar\u00e1n una experiencia inolvidable.<\/p>\n<p>Descripci\u00f3n.<\/p>\n<p>Saliendo de Puerto Natales alrededor de las 07.00 am rumbo hacia el Parque Nacional Torres del Paine, cruzaremos la provincia por alrededor de 02.30hrs hasta llegar a la Estancia Cerro Paine, lugar de inicio de nuestra excursi\u00f3n. El sendero se extiende por 22 kms, ascendiendo a trav\u00e9s del hermoso valle Asencio junto al r\u00edo hom\u00f3nimo, intern\u00e1ndose en densos bosques nativos y teniendo en todo momento frente a nosotros imponentes monta\u00f1as y glaciares; despu\u00e9s de cuatro horas, llegaremos al famoso mirador Base de las Torres. Una vez aqu\u00ed tendremos la oportunidad de disfrutar de una de las mejores vistas de esta reserva de la bi\u00f3sfera, los 3 gigantes de granito junto al lago y glaciar Torres, el Monte Almirante Nieto, Cord\u00f3n Oggioni y la biodiversidad caracter\u00edstica de la zona. Siendo de esta manera un destino imperdible si eres amante de la naturaleza y el trekking. Una vez de regreso, nos embarcamos en nuestro mismo transfer para estar en Puerto natales alrededor de las 21.00 hrs.<\/p>","protected":false},"excerpt":{"rendered":"<p>El Tour Torres del Paine: Trek Mirador bases Torres se realiza en el Parque Nacional Torres del Paine que se encuentra ubicado en la Regi\u00f3n de Magallanes y la Ant\u00e1rtica Chilena, adem\u00e1s de ser un parque nacional tambi\u00e9n fue declarado Reserva de la Biosfera por la UNESCO en 1978 y en 2013 virtualtourist.com de TripAdvisor [&hellip;]<\/p>","protected":false},"featured_media":1274,"comment_status":"open","ping_status":"closed","template":"","meta":[],"product_brand":[],"product_cat":[34,35,32],"product_tag":[],"class_list":{"0":"post-579","1":"product","2":"type-product","3":"status-publish","4":"has-post-thumbnail","6":"product_cat-puerto-natales","7":"product_cat-torres-del-paine","8":"product_cat-trekking","10":"first","11":"instock","12":"shipping-taxable","13":"product-type-simple"},"_links":{"self":[{"href":"https:\/\/onteaikenpatagonia.cl\/en\/wp-json\/wp\/v2\/product\/579","targetHints":{"allow":["GET"]}}],"collection":[{"href":"https:\/\/onteaikenpatagonia.cl\/en\/wp-json\/wp\/v2\/product"}],"about":[{"href":"https:\/\/onteaikenpatagonia.cl\/en\/wp-json\/wp\/v2\/types\/product"}],"replies":[{"embeddable":true,"href":"https:\/\/onteaikenpatagonia.cl\/en\/wp-json\/wp\/v2\/comments?post=579"}],"wp:featuredmedia":[{"embeddable":true,"href":"https:\/\/onteaikenpatagonia.cl\/en\/wp-json\/wp\/v2\/media\/1274"}],"wp:attachment":[{"href":"https:\/\/onteaikenpatagonia.cl\/en\/wp-json\/wp\/v2\/media?parent=579"}],"wp:term":[{"taxonomy":"product_brand","embeddable":true,"href":"https:\/\/onteaikenpatagonia.cl\/en\/wp-json\/wp\/v2\/product_brand?post=579"},{"taxonomy":"product_cat","embeddable":true,"href":"https:\/\/onteaikenpatagonia.cl\/en\/wp-json\/wp\/v2\/product_cat?post=579"},{"taxonomy":"product_tag","embeddable":true,"href":"https:\/\/onteaikenpatagonia.cl\/en\/wp-json\/wp\/v2\/product_tag?post=579"}],"curies":[{"name":"wp","href":"https:\/\/api.w.org\/{rel}","templated":true}]}}