{"id":578,"date":"2025-08-29T19:07:46","date_gmt":"2025-08-29T19:07:46","guid":{"rendered":"https:\/\/onteaikenpatagonia.cl\/?product=trekking-mirador-glaciar-grey"},"modified":"2026-02-02T06:31:05","modified_gmt":"2026-02-02T06:31:05","slug":"trekking-mirador-glaciar-grey","status":"publish","type":"product","link":"https:\/\/onteaikenpatagonia.cl\/en\/product\/trekking-mirador-glaciar-grey\/","title":{"rendered":"Grey Glacier Viewpoint Trek"},"content":{"rendered":"<p>Saliendo desde Puerto Natales con nuestro transfer privado, arribaremos al parque nacional a las 08:30am, para a las 09:00 embarcarnos en el catamar\u00e1n que nos cruzar\u00e1 al otro extremo del bello lago Pehoe, esta navegaci\u00f3n que se prolonga por unos 30 a 40 minutos ofrece una de las mejores fotograf\u00edas de la cordillera Paine.<\/p>\n<p>Una vez en tierra, comienza nuestro trekking introduci\u00e9ndonos en un profundo valle a los pies del gran Paine Grande, en direcci\u00f3n hacia el oeste. Despu\u00e9s de 45 minutos, arribaremos a la bella Laguna de Los Patos. Posteriormente prosiguiendo con nuestro camino el cual esta vez nos interna dentro del denso bosque nativo, comenzaremos a ver t\u00e9mpanos flotantes del g\u00e9lido Lago Grey, lo cual nos avisa de la proximidad del glaciar. Siguiendo con la ruta, a escasos metros nos encontraremos de frente con la impresionante lengua de hielo y finalmente el mirador. Desde este punto tendremos la oportunidad de ver uno de los glaciares m\u00e1s bellos de Patagonia, junto a su singular paisaje caracterizado por monta\u00f1as y bosques. Una vez de regreso, y realizado el cruce en catamar\u00e1n, el transfer nos estar\u00e1 esperando para un c\u00f3modo regreso a la ciudad.<\/p>","protected":false},"excerpt":{"rendered":"<p>Saliendo desde Puerto Natales con nuestro transfer privado, arribaremos al parque nacional a las 08:30am, para a las 09:00 embarcarnos en el catamar\u00e1n que nos cruzar\u00e1 al otro extremo del bello lago Pehoe, esta navegaci\u00f3n que se prolonga por unos 30 a 40 minutos ofrece una de las mejores fotograf\u00edas de la cordillera Paine. Una [&hellip;]<\/p>","protected":false},"featured_media":1278,"comment_status":"open","ping_status":"closed","template":"","meta":[],"product_brand":[],"product_cat":[37,34,35],"product_tag":[],"class_list":{"0":"post-578","1":"product","2":"type-product","3":"status-publish","4":"has-post-thumbnail","6":"product_cat-glaciares","7":"product_cat-puerto-natales","8":"product_cat-torres-del-paine","10":"first","11":"instock","12":"shipping-taxable","13":"product-type-simple"},"_links":{"self":[{"href":"https:\/\/onteaikenpatagonia.cl\/en\/wp-json\/wp\/v2\/product\/578","targetHints":{"allow":["GET"]}}],"collection":[{"href":"https:\/\/onteaikenpatagonia.cl\/en\/wp-json\/wp\/v2\/product"}],"about":[{"href":"https:\/\/onteaikenpatagonia.cl\/en\/wp-json\/wp\/v2\/types\/product"}],"replies":[{"embeddable":true,"href":"https:\/\/onteaikenpatagonia.cl\/en\/wp-json\/wp\/v2\/comments?post=578"}],"wp:featuredmedia":[{"embeddable":true,"href":"https:\/\/onteaikenpatagonia.cl\/en\/wp-json\/wp\/v2\/media\/1278"}],"wp:attachment":[{"href":"https:\/\/onteaikenpatagonia.cl\/en\/wp-json\/wp\/v2\/media?parent=578"}],"wp:term":[{"taxonomy":"product_brand","embeddable":true,"href":"https:\/\/onteaikenpatagonia.cl\/en\/wp-json\/wp\/v2\/product_brand?post=578"},{"taxonomy":"product_cat","embeddable":true,"href":"https:\/\/onteaikenpatagonia.cl\/en\/wp-json\/wp\/v2\/product_cat?post=578"},{"taxonomy":"product_tag","embeddable":true,"href":"https:\/\/onteaikenpatagonia.cl\/en\/wp-json\/wp\/v2\/product_tag?post=578"}],"curies":[{"name":"wp","href":"https:\/\/api.w.org\/{rel}","templated":true}]}}