{"id":577,"date":"2025-08-29T19:07:46","date_gmt":"2025-08-29T19:07:46","guid":{"rendered":"https:\/\/onteaikenpatagonia.cl\/?product=trekking-mirador-valle-frances"},"modified":"2025-10-05T10:43:58","modified_gmt":"2025-10-05T10:43:58","slug":"trekking-mirador-valle-frances","status":"publish","type":"product","link":"https:\/\/onteaikenpatagonia.cl\/en\/product\/trekking-mirador-valle-frances\/","title":{"rendered":"French Valley Viewpoint Trek"},"content":{"rendered":"<p>Duraci\u00f3n aproximada: 7 hrs. (17 km)<\/p>\n<p>Saliendo desde Puerto Natales con nuestro transfer privado, arribaremos al parque nacional a las 08:30am, para a las 09:00 embarcarnos en el catamar\u00e1n que nos cruzar\u00e1 al otro extremo del bello lago Pehoe, esta navegaci\u00f3n que se prolonga por unos 30 a 40 minutos ofrece una de las mejores fotograf\u00edas de la cordillera Paine.<\/p>\n<p>Una vez en tierra, comienza nuestro trekking bordeando los lagos Pehoe y Skottsberg e introduci\u00e9ndonos en el frondoso bosque nativo. Arribaremos hasta el gran r\u00edo Franc\u00e9s que nos da la bienvenida al valle. Aqu\u00ed nos encontraremos a los pies de las verticales paredes de granito de los Cuernos del Paine. Desde aqu\u00ed tendremos la oportunidad de ver grandes avalanchas y uno de los paisajes m\u00e1s incre\u00edbles del parque nacional. Una vez de regreso y realizado el cruce en catamar\u00e1n, el transfer nos estar\u00e1 esperando para un c\u00f3modo regreso a la ciudad.<\/p>","protected":false},"excerpt":{"rendered":"<p>Duraci\u00f3n aproximada: 7 hrs. (17 km) Saliendo desde Puerto Natales con nuestro transfer privado, arribaremos al parque nacional a las 08:30am, para a las 09:00 embarcarnos en el catamar\u00e1n que nos cruzar\u00e1 al otro extremo del bello lago Pehoe, esta navegaci\u00f3n que se prolonga por unos 30 a 40 minutos ofrece una de las mejores [&hellip;]<\/p>","protected":false},"featured_media":1280,"comment_status":"open","ping_status":"closed","template":"","meta":[],"product_brand":[],"product_cat":[34,35,32],"product_tag":[],"class_list":{"0":"post-577","1":"product","2":"type-product","3":"status-publish","4":"has-post-thumbnail","6":"product_cat-puerto-natales","7":"product_cat-torres-del-paine","8":"product_cat-trekking","10":"first","11":"instock","12":"shipping-taxable","13":"product-type-simple"},"_links":{"self":[{"href":"https:\/\/onteaikenpatagonia.cl\/en\/wp-json\/wp\/v2\/product\/577","targetHints":{"allow":["GET"]}}],"collection":[{"href":"https:\/\/onteaikenpatagonia.cl\/en\/wp-json\/wp\/v2\/product"}],"about":[{"href":"https:\/\/onteaikenpatagonia.cl\/en\/wp-json\/wp\/v2\/types\/product"}],"replies":[{"embeddable":true,"href":"https:\/\/onteaikenpatagonia.cl\/en\/wp-json\/wp\/v2\/comments?post=577"}],"wp:featuredmedia":[{"embeddable":true,"href":"https:\/\/onteaikenpatagonia.cl\/en\/wp-json\/wp\/v2\/media\/1280"}],"wp:attachment":[{"href":"https:\/\/onteaikenpatagonia.cl\/en\/wp-json\/wp\/v2\/media?parent=577"}],"wp:term":[{"taxonomy":"product_brand","embeddable":true,"href":"https:\/\/onteaikenpatagonia.cl\/en\/wp-json\/wp\/v2\/product_brand?post=577"},{"taxonomy":"product_cat","embeddable":true,"href":"https:\/\/onteaikenpatagonia.cl\/en\/wp-json\/wp\/v2\/product_cat?post=577"},{"taxonomy":"product_tag","embeddable":true,"href":"https:\/\/onteaikenpatagonia.cl\/en\/wp-json\/wp\/v2\/product_tag?post=577"}],"curies":[{"name":"wp","href":"https:\/\/api.w.org\/{rel}","templated":true}]}}