{"id":575,"date":"2025-08-29T19:07:45","date_gmt":"2025-08-29T19:07:45","guid":{"rendered":"https:\/\/onteaikenpatagonia.cl\/?product=sendero-lazo-weber"},"modified":"2025-11-04T14:07:48","modified_gmt":"2025-11-04T14:07:48","slug":"sendero-lazo-weber","status":"publish","type":"product","link":"https:\/\/onteaikenpatagonia.cl\/en\/product\/sendero-lazo-weber\/","title":{"rendered":"Lazo-Weber Trail"},"content":{"rendered":"<p>Distancia: 14 kms aproximadamente.<\/p>\n<p>Partiendo por la ma\u00f1ana desde su alojamiento en Puerto Natales, nos dirigiremos a uno de los senderos menos visitados pero con una de las mejores paisajes del Parque Nacional Torres del Paine para sentirnos lo m\u00e1s inmersos en la naturaleza posible (teniendo en cuenta que por su poco tr\u00e1nsito de visitantes tendremos grandes posibilidades de avistar fauna local en esta \u00e1rea).<\/p>\n<p>Tras casi 2 horas de viaje llegaremos al punto de inicio de nuestra aventura, la Guarder\u00eda Laguna Verde. Caminaremos hacia el sector Oeste del Parque, a trav\u00e9s de un peque\u00f1o bosque de lengas en un valle con constantes vistas a la Cordillera Paine; bordearemos la Laguna Verde y disfrutaremos de maravillarnos con vistas a otras como Laguna Honda y Laguna de los Ciervos mientras de fondo nos acompa\u00f1a una postal inigualable del Macizo Paine.<\/p>\n<p>Continuaremos hasta llegar al Mirador del Lago Toro, desde donde obtendremos una panor\u00e1mica \u00fanica de los r\u00edos, lagos y monta\u00f1as del Parque; llegados a este punto iniciaremos el descenso a trav\u00e9s del arenal donde termina la Sierra del Toro para encontrarnos con nuestro veh\u00edculo a las orillas del R\u00edo Paine, cerca del puente Weber. Este sendero, de 4.5 horas aproximadamente, en particular se destaca por ser relativamente plano en la mayor parte de la actividad, finalizando con una bajada m\u00e1s empinada y escarpada lo que lo convierte, en conjunto con su extensi\u00f3n, en un trekking de dificultad media.<\/p>","protected":false},"excerpt":{"rendered":"<p>Distancia: 14 kms aproximadamente. Partiendo por la ma\u00f1ana desde su alojamiento en Puerto Natales, nos dirigiremos a uno de los senderos menos visitados pero con una de las mejores paisajes del Parque Nacional Torres del Paine para sentirnos lo m\u00e1s inmersos en la naturaleza posible (teniendo en cuenta que por su poco tr\u00e1nsito de visitantes [&hellip;]<\/p>","protected":false},"featured_media":0,"comment_status":"open","ping_status":"closed","template":"","meta":[],"product_brand":[],"product_cat":[34,32],"product_tag":[],"class_list":{"0":"post-575","1":"product","2":"type-product","3":"status-publish","5":"product_cat-puerto-natales","6":"product_cat-trekking","8":"first","9":"instock","10":"shipping-taxable","11":"product-type-simple"},"_links":{"self":[{"href":"https:\/\/onteaikenpatagonia.cl\/en\/wp-json\/wp\/v2\/product\/575","targetHints":{"allow":["GET"]}}],"collection":[{"href":"https:\/\/onteaikenpatagonia.cl\/en\/wp-json\/wp\/v2\/product"}],"about":[{"href":"https:\/\/onteaikenpatagonia.cl\/en\/wp-json\/wp\/v2\/types\/product"}],"replies":[{"embeddable":true,"href":"https:\/\/onteaikenpatagonia.cl\/en\/wp-json\/wp\/v2\/comments?post=575"}],"wp:attachment":[{"href":"https:\/\/onteaikenpatagonia.cl\/en\/wp-json\/wp\/v2\/media?parent=575"}],"wp:term":[{"taxonomy":"product_brand","embeddable":true,"href":"https:\/\/onteaikenpatagonia.cl\/en\/wp-json\/wp\/v2\/product_brand?post=575"},{"taxonomy":"product_cat","embeddable":true,"href":"https:\/\/onteaikenpatagonia.cl\/en\/wp-json\/wp\/v2\/product_cat?post=575"},{"taxonomy":"product_tag","embeddable":true,"href":"https:\/\/onteaikenpatagonia.cl\/en\/wp-json\/wp\/v2\/product_tag?post=575"}],"curies":[{"name":"wp","href":"https:\/\/api.w.org\/{rel}","templated":true}]}}