{"id":574,"date":"2025-08-29T19:07:45","date_gmt":"2025-08-29T19:07:45","guid":{"rendered":"https:\/\/onteaikenpatagonia.cl\/?product=tour-mirador-dorotea-en-8x8"},"modified":"2025-10-05T10:46:36","modified_gmt":"2025-10-05T10:46:36","slug":"tour-mirador-dorotea-en-8x8","status":"publish","type":"product","link":"https:\/\/onteaikenpatagonia.cl\/en\/product\/tour-mirador-dorotea-en-8x8\/","title":{"rendered":"Dorotea Viewpoint Tour by 8x8"},"content":{"rendered":"<p>Cerro Dorotea is the natural border that separates Puerto Natales from neighboring Argentina, and it\u2019s also the best viewpoint overlooking the city.\n\nWe\u2019ll begin with a 50-minute ascent to the summit, accompanied by our guide, who will share local stories and history along the way. Once at the top, we\u2019ll walk about 10 minutes to the viewpoint, where we\u2019ll enjoy a hot beverage while taking in the breathtaking panoramic views from over 500 meters above sea level.\n\nAfter approximately 30 minutes at the top, we\u2019ll begin our descent back down, completing an unforgettable short hike with some of the most scenic views in southern Patagonia.<\/p>","protected":false},"excerpt":{"rendered":"<p>El Cerro Dorotea es la frontera natural que separa Puerto Natales con el pa\u00eds vecino de Argentina y a su vez el mejor mirador de la ciudad. Comenzamos con un recorrido de 50 minutos que nos llevar\u00e1 hasta la cima del cerro, mientras nuestro gu\u00eda nos va relatando historias de la zona. Una vez arriba, [&hellip;]<\/p>","protected":false},"featured_media":0,"comment_status":"open","ping_status":"closed","template":"","meta":[],"product_brand":[],"product_cat":[34],"product_tag":[],"class_list":{"0":"post-574","1":"product","2":"type-product","3":"status-publish","5":"product_cat-puerto-natales","7":"first","8":"instock","9":"shipping-taxable","10":"product-type-simple"},"_links":{"self":[{"href":"https:\/\/onteaikenpatagonia.cl\/en\/wp-json\/wp\/v2\/product\/574","targetHints":{"allow":["GET"]}}],"collection":[{"href":"https:\/\/onteaikenpatagonia.cl\/en\/wp-json\/wp\/v2\/product"}],"about":[{"href":"https:\/\/onteaikenpatagonia.cl\/en\/wp-json\/wp\/v2\/types\/product"}],"replies":[{"embeddable":true,"href":"https:\/\/onteaikenpatagonia.cl\/en\/wp-json\/wp\/v2\/comments?post=574"}],"wp:attachment":[{"href":"https:\/\/onteaikenpatagonia.cl\/en\/wp-json\/wp\/v2\/media?parent=574"}],"wp:term":[{"taxonomy":"product_brand","embeddable":true,"href":"https:\/\/onteaikenpatagonia.cl\/en\/wp-json\/wp\/v2\/product_brand?post=574"},{"taxonomy":"product_cat","embeddable":true,"href":"https:\/\/onteaikenpatagonia.cl\/en\/wp-json\/wp\/v2\/product_cat?post=574"},{"taxonomy":"product_tag","embeddable":true,"href":"https:\/\/onteaikenpatagonia.cl\/en\/wp-json\/wp\/v2\/product_tag?post=574"}],"curies":[{"name":"wp","href":"https:\/\/api.w.org\/{rel}","templated":true}]}}