{"id":573,"date":"2025-08-29T19:07:45","date_gmt":"2025-08-29T19:07:45","guid":{"rendered":"https:\/\/onteaikenpatagonia.cl\/?product=dia-de-estancia-tierra-de-ovejeros"},"modified":"2025-11-04T18:18:03","modified_gmt":"2025-11-04T18:18:03","slug":"dia-de-estancia-tierra-de-ovejeros","status":"publish","type":"product","link":"https:\/\/onteaikenpatagonia.cl\/en\/product\/dia-de-estancia-tierra-de-ovejeros\/","title":{"rendered":"Estancia Day: Land of Shepherds"},"content":{"rendered":"<p>Iniciaremos el d\u00eda recogi\u00e9ndolos desde su alojamiento alrededor de las 10:00 am para dirigirnos hacia el norte de la provincia de Ultima Esperanza con destino a Cerro Castillo.<\/p>\n<p>Al llegar a la Estancia El Ovejero nos recibir\u00e1n y mostrar\u00e1n c\u00f3mo se obtiene la lana de las ovejas all\u00ed a trav\u00e9s del proceso de la esquila, desde el inicio de este hasta el fin del circuito de la lana con su venta y exportaci\u00f3n. A su vez, disfrutaremos de una demostraci\u00f3n del aporte de los perros ovejeros para el manejo de los reba\u00f1os, su complicidad con el ovejero y como su participaci\u00f3n los hace fundamentales para la Estancia y su funcionamiento.<\/p>\n<p>Nos maravillaremos con sabores patag\u00f3nicos como el asado de cordero, pisco sour, pan de campo, pebre y postres de la casa; nuestro almuerzo se desarrollar\u00e1 en formato buffet por lo que podremos elegir qu\u00e9 trozo de cordero degustar!<\/p>\n<p>Posteriormente realizaremos una cabalgata de aproximadamente 1 hora a trav\u00e9s de un campo con siembra de alfalfa y vistas de la Villa Cerro Castillo e instalaciones de la estancia. Para esta actividad no ser\u00e1 necesario contar con experiencia ya que el personal nos proporcionar\u00e1 una introducci\u00f3n previa y la actividad comprende poca dificultad.<\/p>\n<p>Al finalizar nos esperar\u00e1 una exquisita once magall\u00e1nica casera para cerrar este d\u00eda e iniciar nuestro retorno a Puerto Natales.<\/p>","protected":false},"excerpt":{"rendered":"<p>Iniciaremos el d\u00eda recogi\u00e9ndolos desde su alojamiento alrededor de las 10:00 am para dirigirnos hacia el norte de la provincia de Ultima Esperanza con destino a Cerro Castillo. Al llegar a la Estancia El Ovejero nos recibir\u00e1n y mostrar\u00e1n c\u00f3mo se obtiene la lana de las ovejas all\u00ed a trav\u00e9s del proceso de la esquila, [&hellip;]<\/p>","protected":false},"featured_media":1303,"comment_status":"open","ping_status":"closed","template":"","meta":[],"product_brand":[],"product_cat":[34],"product_tag":[],"class_list":{"0":"post-573","1":"product","2":"type-product","3":"status-publish","4":"has-post-thumbnail","6":"product_cat-puerto-natales","8":"first","9":"instock","10":"shipping-taxable","11":"product-type-simple"},"_links":{"self":[{"href":"https:\/\/onteaikenpatagonia.cl\/en\/wp-json\/wp\/v2\/product\/573","targetHints":{"allow":["GET"]}}],"collection":[{"href":"https:\/\/onteaikenpatagonia.cl\/en\/wp-json\/wp\/v2\/product"}],"about":[{"href":"https:\/\/onteaikenpatagonia.cl\/en\/wp-json\/wp\/v2\/types\/product"}],"replies":[{"embeddable":true,"href":"https:\/\/onteaikenpatagonia.cl\/en\/wp-json\/wp\/v2\/comments?post=573"}],"wp:featuredmedia":[{"embeddable":true,"href":"https:\/\/onteaikenpatagonia.cl\/en\/wp-json\/wp\/v2\/media\/1303"}],"wp:attachment":[{"href":"https:\/\/onteaikenpatagonia.cl\/en\/wp-json\/wp\/v2\/media?parent=573"}],"wp:term":[{"taxonomy":"product_brand","embeddable":true,"href":"https:\/\/onteaikenpatagonia.cl\/en\/wp-json\/wp\/v2\/product_brand?post=573"},{"taxonomy":"product_cat","embeddable":true,"href":"https:\/\/onteaikenpatagonia.cl\/en\/wp-json\/wp\/v2\/product_cat?post=573"},{"taxonomy":"product_tag","embeddable":true,"href":"https:\/\/onteaikenpatagonia.cl\/en\/wp-json\/wp\/v2\/product_tag?post=573"}],"curies":[{"name":"wp","href":"https:\/\/api.w.org\/{rel}","templated":true}]}}