{"id":572,"date":"2025-08-29T19:07:44","date_gmt":"2025-08-29T19:07:44","guid":{"rendered":"https:\/\/onteaikenpatagonia.cl\/?product=e-bike-al-fiordo"},"modified":"2025-11-04T18:29:51","modified_gmt":"2025-11-04T18:29:51","slug":"e-bike-al-fiordo","status":"publish","type":"product","link":"https:\/\/onteaikenpatagonia.cl\/en\/product\/e-bike-al-fiordo\/","title":{"rendered":"E-Bike to the Fjord"},"content":{"rendered":"<p>A las 08.30am iniciamos el retiro desde su alojamiento para dirigirnos hacia Estancia Perales, ubicada a 20 kil\u00f3metros hasta el punto donde comenzar\u00e1 la aventura en e-bike. Tomaremos nuestras bicicletas y comenzaremos a rodar rumbo norte a trav\u00e9s de un camino interior rodeado de naturaleza pr\u00edstina hasta encontrarnos con el fiordo \u00daltima Esperanza. Ser\u00e1n 20 kil\u00f3metros de recorrido en e-bike.<br \/>\nUna vez en Estancia Perales, tendremos tiempo para descansar y disfrutar de un snack de bienvenida. Posteriormente se realizar\u00e1 una visita en e-bike por un sendero interior de la estancia.<\/p>\n<p>A las 14.00hrs tendremos un almuerzo patag\u00f3nico en base a un rico asado de cordero. Finalizado el almuerzo cargaremos nuestras bicicletas y volveremos a Puerto Natales, arribando alrededor de las 17.00hrs.<\/p>","protected":false},"excerpt":{"rendered":"<p>A las 08.30am iniciamos el retiro desde su alojamiento para dirigirnos hacia Estancia Perales, ubicada a 20 kil\u00f3metros hasta el punto donde comenzar\u00e1 la aventura en e-bike. Tomaremos nuestras bicicletas y comenzaremos a rodar rumbo norte a trav\u00e9s de un camino interior rodeado de naturaleza pr\u00edstina hasta encontrarnos con el fiordo \u00daltima Esperanza. Ser\u00e1n 20 [&hellip;]<\/p>","protected":false},"featured_media":1307,"comment_status":"open","ping_status":"closed","template":"","meta":[],"product_brand":[],"product_cat":[34],"product_tag":[],"class_list":{"0":"post-572","1":"product","2":"type-product","3":"status-publish","4":"has-post-thumbnail","6":"product_cat-puerto-natales","8":"first","9":"instock","10":"shipping-taxable","11":"product-type-simple"},"_links":{"self":[{"href":"https:\/\/onteaikenpatagonia.cl\/en\/wp-json\/wp\/v2\/product\/572","targetHints":{"allow":["GET"]}}],"collection":[{"href":"https:\/\/onteaikenpatagonia.cl\/en\/wp-json\/wp\/v2\/product"}],"about":[{"href":"https:\/\/onteaikenpatagonia.cl\/en\/wp-json\/wp\/v2\/types\/product"}],"replies":[{"embeddable":true,"href":"https:\/\/onteaikenpatagonia.cl\/en\/wp-json\/wp\/v2\/comments?post=572"}],"wp:featuredmedia":[{"embeddable":true,"href":"https:\/\/onteaikenpatagonia.cl\/en\/wp-json\/wp\/v2\/media\/1307"}],"wp:attachment":[{"href":"https:\/\/onteaikenpatagonia.cl\/en\/wp-json\/wp\/v2\/media?parent=572"}],"wp:term":[{"taxonomy":"product_brand","embeddable":true,"href":"https:\/\/onteaikenpatagonia.cl\/en\/wp-json\/wp\/v2\/product_brand?post=572"},{"taxonomy":"product_cat","embeddable":true,"href":"https:\/\/onteaikenpatagonia.cl\/en\/wp-json\/wp\/v2\/product_cat?post=572"},{"taxonomy":"product_tag","embeddable":true,"href":"https:\/\/onteaikenpatagonia.cl\/en\/wp-json\/wp\/v2\/product_tag?post=572"}],"curies":[{"name":"wp","href":"https:\/\/api.w.org\/{rel}","templated":true}]}}