{"id":571,"date":"2025-08-29T19:07:44","date_gmt":"2025-08-29T19:07:44","guid":{"rendered":"https:\/\/onteaikenpatagonia.cl\/?product=tour-full-day-glaciares-y-ballenas"},"modified":"2025-10-05T02:01:01","modified_gmt":"2025-10-05T02:01:01","slug":"tour-full-day-glaciares-y-ballenas","status":"publish","type":"product","link":"https:\/\/onteaikenpatagonia.cl\/en\/product\/tour-full-day-glaciares-y-ballenas\/","title":{"rendered":"Full Day Glaciers &amp; Whales Tour"},"content":{"rendered":"<p>Cabo Froward, el Punto m\u00e1s Austral del mundo Continental, Glaciares, Ballenas Jorobadas, Ballenas Sei, Delfines Australes, Toninas Overas, Ping\u00fcinos Magall\u00e1nicos son parte de las maravillas naturales de esta Austral zona del Estrecho de Magallanes y Tierra del Fuego.<\/p>\n<p>En uno de los lugares m\u00e1s remotos y pr\u00edstinos del planeta. Una traves\u00eda de d\u00eda completo nos har\u00e1 sentir la naturaleza en su estado m\u00e1s natural, saliendo muy temprano desde nuestras oficinas, recorreremos en bus hasta nuestro embarque a 50 Kil\u00f3metros al sur de Punta Arenas, para luego navegar por espacio de 10 horas: Una traves\u00eda imperdible donde podremos disfrutar de un paisaje \u00fanico rodeado de monta\u00f1as, glaciares y bosques de lengas y coihues. La vida marina presente en la zona no nos dejar\u00e1 de sorprender por su cercan\u00eda y abundancia: lobos marinos, petreles, cormoranes, delfines australes, etc. Nos har\u00e1n sentir que aqu\u00ed la naturaleza se siente y se vive.<\/p>","protected":false},"excerpt":{"rendered":"<p>Cabo Froward, el Punto m\u00e1s Austral del mundo Continental, Glaciares, Ballenas Jorobadas, Ballenas Sei, Delfines Australes, Toninas Overas, Ping\u00fcinos Magall\u00e1nicos son parte de las maravillas naturales de esta Austral zona del Estrecho de Magallanes y Tierra del Fuego. En uno de los lugares m\u00e1s remotos y pr\u00edstinos del planeta. Una traves\u00eda de d\u00eda completo nos [&hellip;]<\/p>","protected":false},"featured_media":1312,"comment_status":"open","ping_status":"closed","template":"","meta":[],"product_brand":[],"product_cat":[36,37,31],"product_tag":[],"class_list":{"0":"post-571","1":"product","2":"type-product","3":"status-publish","4":"has-post-thumbnail","6":"product_cat-fauna","7":"product_cat-glaciares","8":"product_cat-punta-arenas","10":"first","11":"instock","12":"shipping-taxable","13":"product-type-simple"},"_links":{"self":[{"href":"https:\/\/onteaikenpatagonia.cl\/en\/wp-json\/wp\/v2\/product\/571","targetHints":{"allow":["GET"]}}],"collection":[{"href":"https:\/\/onteaikenpatagonia.cl\/en\/wp-json\/wp\/v2\/product"}],"about":[{"href":"https:\/\/onteaikenpatagonia.cl\/en\/wp-json\/wp\/v2\/types\/product"}],"replies":[{"embeddable":true,"href":"https:\/\/onteaikenpatagonia.cl\/en\/wp-json\/wp\/v2\/comments?post=571"}],"wp:featuredmedia":[{"embeddable":true,"href":"https:\/\/onteaikenpatagonia.cl\/en\/wp-json\/wp\/v2\/media\/1312"}],"wp:attachment":[{"href":"https:\/\/onteaikenpatagonia.cl\/en\/wp-json\/wp\/v2\/media?parent=571"}],"wp:term":[{"taxonomy":"product_brand","embeddable":true,"href":"https:\/\/onteaikenpatagonia.cl\/en\/wp-json\/wp\/v2\/product_brand?post=571"},{"taxonomy":"product_cat","embeddable":true,"href":"https:\/\/onteaikenpatagonia.cl\/en\/wp-json\/wp\/v2\/product_cat?post=571"},{"taxonomy":"product_tag","embeddable":true,"href":"https:\/\/onteaikenpatagonia.cl\/en\/wp-json\/wp\/v2\/product_tag?post=571"}],"curies":[{"name":"wp","href":"https:\/\/api.w.org\/{rel}","templated":true}]}}