{"id":570,"date":"2025-08-29T19:07:44","date_gmt":"2025-08-29T19:07:44","guid":{"rendered":"https:\/\/onteaikenpatagonia.cl\/?product=city-tour-punta-arenas"},"modified":"2025-11-04T18:34:39","modified_gmt":"2025-11-04T18:34:39","slug":"city-tour-punta-arenas","status":"publish","type":"product","link":"https:\/\/onteaikenpatagonia.cl\/en\/product\/city-tour-punta-arenas\/","title":{"rendered":"City Tour Punta Arenas"},"content":{"rendered":"<p>Recogeremos a los pasajeros en sus respectivos hoteles para iniciar un entretenido recorrido comenzando por la Plaza de Armas rodeada de construcciones hist\u00f3ricas y junto al monumento a Hernando de Magallanes. Visitaremos tambi\u00e9n el cementerio municipal de bellos jardines y mausoleos. Luego el tradicional monumento al Ovejero.<\/p>\n<p>Posteriormente nos dirigiremos a la Nao Victoria, un atractivo Barco \u2013 Museo Interactivo, a escala real, que permite vivir la experiencia de la expedici\u00f3n liderada por Hernando de Magallanes, retrocediendo 500 a\u00f1os en la historia que fue construido con planos originales y est\u00e1 equipada con la maniobra y figuras de tama\u00f1o real. Tambi\u00e9n se podr\u00e1 admirar la r\u00e9plica de la Goleta Ancud, con la cual se tom\u00f3 posesi\u00f3n del Estrecho de Magallanes y est\u00e1s lejanas tierras en nombre del gobierno chileno en 1843.<\/p>\n<p>Tambi\u00e9n se recorrer\u00e1 la Avenida Costanera junto al m\u00edtico \u201cEstrecho de Magallanes\u201d donde podremos apreciar el monumento a la Goleta Ancud.<\/p>\n<p>Posteriormente subiremos al Mirador Cerro de la Cruz, apreciando las coloridas techumbres de la ciudad, el Estrecho de Magallanes y la Isla de Tierra del Fuego, para finalmente regresar a su alojamiento.<\/p>","protected":false},"excerpt":{"rendered":"<p>Recogeremos a los pasajeros en sus respectivos hoteles para iniciar un entretenido recorrido comenzando por la Plaza de Armas rodeada de construcciones hist\u00f3ricas y junto al monumento a Hernando de Magallanes. Visitaremos tambi\u00e9n el cementerio municipal de bellos jardines y mausoleos. Luego el tradicional monumento al Ovejero. Posteriormente nos dirigiremos a la Nao Victoria, un [&hellip;]<\/p>","protected":false},"featured_media":0,"comment_status":"open","ping_status":"closed","template":"","meta":[],"product_brand":[],"product_cat":[31],"product_tag":[],"class_list":{"0":"post-570","1":"product","2":"type-product","3":"status-publish","5":"product_cat-punta-arenas","7":"first","8":"instock","9":"shipping-taxable","10":"product-type-simple"},"_links":{"self":[{"href":"https:\/\/onteaikenpatagonia.cl\/en\/wp-json\/wp\/v2\/product\/570","targetHints":{"allow":["GET"]}}],"collection":[{"href":"https:\/\/onteaikenpatagonia.cl\/en\/wp-json\/wp\/v2\/product"}],"about":[{"href":"https:\/\/onteaikenpatagonia.cl\/en\/wp-json\/wp\/v2\/types\/product"}],"replies":[{"embeddable":true,"href":"https:\/\/onteaikenpatagonia.cl\/en\/wp-json\/wp\/v2\/comments?post=570"}],"wp:attachment":[{"href":"https:\/\/onteaikenpatagonia.cl\/en\/wp-json\/wp\/v2\/media?parent=570"}],"wp:term":[{"taxonomy":"product_brand","embeddable":true,"href":"https:\/\/onteaikenpatagonia.cl\/en\/wp-json\/wp\/v2\/product_brand?post=570"},{"taxonomy":"product_cat","embeddable":true,"href":"https:\/\/onteaikenpatagonia.cl\/en\/wp-json\/wp\/v2\/product_cat?post=570"},{"taxonomy":"product_tag","embeddable":true,"href":"https:\/\/onteaikenpatagonia.cl\/en\/wp-json\/wp\/v2\/product_tag?post=570"}],"curies":[{"name":"wp","href":"https:\/\/api.w.org\/{rel}","templated":true}]}}