{"id":568,"date":"2025-08-29T19:07:43","date_gmt":"2025-08-29T19:07:43","guid":{"rendered":"https:\/\/onteaikenpatagonia.cl\/?product=cabalgata-entre-aperos-y-calafates"},"modified":"2026-02-02T17:20:51","modified_gmt":"2026-02-02T17:20:51","slug":"cabalgata-entre-aperos-y-calafates","status":"publish","type":"product","link":"https:\/\/onteaikenpatagonia.cl\/en\/product\/cabalgata-entre-aperos-y-calafates\/","title":{"rendered":"Cabalgata Entre Aperos y Calafates"},"content":{"rendered":"<p>Siente la libertad mientras recorres senderos en compa\u00f1\u00eda de baqueanos locales, donde encontrar\u00e1s diversa flora y fauna nativa, ganado ovino y bovino.<br \/>\nD\u00e9jate maravillar por la sorprendente vista panor\u00e1mica del fiordo \u00faltima esperanza y diversos cerros y monta\u00f1as que rodean el sur de Puerto Natales. Al finalizar el paseo en caballo, compartiremos un rico snack.<\/p>","protected":false},"excerpt":{"rendered":"<p>Siente la libertad mientras recorres senderos en compa\u00f1\u00eda de baqueanos locales, donde encontrar\u00e1s diversa flora y fauna nativa, ganado ovino y bovino. D\u00e9jate maravillar por la sorprendente vista panor\u00e1mica del fiordo \u00faltima esperanza y diversos cerros y monta\u00f1as que rodean el sur de Puerto Natales. Al finalizar el paseo en caballo, compartiremos un rico snack.<\/p>","protected":false},"featured_media":1319,"comment_status":"open","ping_status":"closed","template":"","meta":[],"product_brand":[],"product_cat":[33,34],"product_tag":[],"class_list":{"0":"post-568","1":"product","2":"type-product","3":"status-publish","4":"has-post-thumbnail","6":"product_cat-cabalgatas","7":"product_cat-puerto-natales","9":"first","10":"instock","11":"shipping-taxable","12":"product-type-simple"},"_links":{"self":[{"href":"https:\/\/onteaikenpatagonia.cl\/en\/wp-json\/wp\/v2\/product\/568","targetHints":{"allow":["GET"]}}],"collection":[{"href":"https:\/\/onteaikenpatagonia.cl\/en\/wp-json\/wp\/v2\/product"}],"about":[{"href":"https:\/\/onteaikenpatagonia.cl\/en\/wp-json\/wp\/v2\/types\/product"}],"replies":[{"embeddable":true,"href":"https:\/\/onteaikenpatagonia.cl\/en\/wp-json\/wp\/v2\/comments?post=568"}],"wp:featuredmedia":[{"embeddable":true,"href":"https:\/\/onteaikenpatagonia.cl\/en\/wp-json\/wp\/v2\/media\/1319"}],"wp:attachment":[{"href":"https:\/\/onteaikenpatagonia.cl\/en\/wp-json\/wp\/v2\/media?parent=568"}],"wp:term":[{"taxonomy":"product_brand","embeddable":true,"href":"https:\/\/onteaikenpatagonia.cl\/en\/wp-json\/wp\/v2\/product_brand?post=568"},{"taxonomy":"product_cat","embeddable":true,"href":"https:\/\/onteaikenpatagonia.cl\/en\/wp-json\/wp\/v2\/product_cat?post=568"},{"taxonomy":"product_tag","embeddable":true,"href":"https:\/\/onteaikenpatagonia.cl\/en\/wp-json\/wp\/v2\/product_tag?post=568"}],"curies":[{"name":"wp","href":"https:\/\/api.w.org\/{rel}","templated":true}]}}