{"id":567,"date":"2025-08-29T19:07:43","date_gmt":"2025-08-29T19:07:43","guid":{"rendered":"https:\/\/onteaikenpatagonia.cl\/?product=dia-de-estancia-entre-aperos-y-calafates"},"modified":"2025-11-04T18:55:44","modified_gmt":"2025-11-04T18:55:44","slug":"dia-de-estancia-entre-aperos-y-calafates","status":"publish","type":"product","link":"https:\/\/onteaikenpatagonia.cl\/en\/product\/dia-de-estancia-entre-aperos-y-calafates\/","title":{"rendered":"Estancia Day in Entre Aperos y Calafates"},"content":{"rendered":"<p>Este d\u00eda inicia con pick up en su alojamiento a las 09:30 am para dirigirnos aproximadamente 8 kil\u00f3metros al sur de Puerto Natales donde la Estancia Entre Aperos y Calafates abrir\u00e1 sus puertas para compartir con nosotros una muestra aut\u00e9ntica de la vida rural en la Patagonia Chilena, zona caracterizada por sus imponentes paisajes panor\u00e1micos de las monta\u00f1as y fiordo Almirante Montt. Sus bosques nativos de \u00f1irre, el tradicional calafate y diversa flora y fauna. Es un destino perfecto para relajarse y conectar con la naturaleza y la cultura local. Contaremos con una experiencia comprometida con el turismo sostenible y responsable.<\/p>\n<p>Al llegar realizaremos un paseo por las instalaciones y nos dirigiremos a nuestra primera actividad, un recorrido a caballo de 1 hora y 30 minutos a 2 horas aproximadamente por su campo, a trav\u00e9s del bosque nativo. Sintiendo la libertad mientras recorres senderos en compa\u00f1\u00eda de baqueanos locales, donde encontrar\u00e1s diversa flora y fauna nativa, ganado ovino y bovino.<\/p>\n<p>Para cerrar nuestro d\u00eda viviremos una demostraci\u00f3n \u00fanica de Perros Ovejeros y habilidades de Caballo Chileno. Disfrutando de las destrezas y habilidades del perro ovejero mientras trabajan a la par para arrear ovejas, una prueba asombrosa del instinto de estos maravillosos animales y su papel fundamental en la ganader\u00eda. A su vez, aprenderemos sobre la esquila, una de las labores de campo m\u00e1s importantes, el cuidado de las ovejas y el fascinante proceso de remover la lana.<\/p>","protected":false},"excerpt":{"rendered":"<p>Este d\u00eda inicia con pick up en su alojamiento a las 09:30 am para dirigirnos aproximadamente 8 kil\u00f3metros al sur de Puerto Natales donde la Estancia Entre Aperos y Calafates abrir\u00e1 sus puertas para compartir con nosotros una muestra aut\u00e9ntica de la vida rural en la Patagonia Chilena, zona caracterizada por sus imponentes paisajes panor\u00e1micos [&hellip;]<\/p>","protected":false},"featured_media":1324,"comment_status":"open","ping_status":"closed","template":"","meta":[],"product_brand":[],"product_cat":[34],"product_tag":[],"class_list":{"0":"post-567","1":"product","2":"type-product","3":"status-publish","4":"has-post-thumbnail","6":"product_cat-puerto-natales","8":"first","9":"instock","10":"shipping-taxable","11":"product-type-simple"},"_links":{"self":[{"href":"https:\/\/onteaikenpatagonia.cl\/en\/wp-json\/wp\/v2\/product\/567","targetHints":{"allow":["GET"]}}],"collection":[{"href":"https:\/\/onteaikenpatagonia.cl\/en\/wp-json\/wp\/v2\/product"}],"about":[{"href":"https:\/\/onteaikenpatagonia.cl\/en\/wp-json\/wp\/v2\/types\/product"}],"replies":[{"embeddable":true,"href":"https:\/\/onteaikenpatagonia.cl\/en\/wp-json\/wp\/v2\/comments?post=567"}],"wp:featuredmedia":[{"embeddable":true,"href":"https:\/\/onteaikenpatagonia.cl\/en\/wp-json\/wp\/v2\/media\/1324"}],"wp:attachment":[{"href":"https:\/\/onteaikenpatagonia.cl\/en\/wp-json\/wp\/v2\/media?parent=567"}],"wp:term":[{"taxonomy":"product_brand","embeddable":true,"href":"https:\/\/onteaikenpatagonia.cl\/en\/wp-json\/wp\/v2\/product_brand?post=567"},{"taxonomy":"product_cat","embeddable":true,"href":"https:\/\/onteaikenpatagonia.cl\/en\/wp-json\/wp\/v2\/product_cat?post=567"},{"taxonomy":"product_tag","embeddable":true,"href":"https:\/\/onteaikenpatagonia.cl\/en\/wp-json\/wp\/v2\/product_tag?post=567"}],"curies":[{"name":"wp","href":"https:\/\/api.w.org\/{rel}","templated":true}]}}