{"id":566,"date":"2025-08-29T19:07:43","date_gmt":"2025-08-29T19:07:43","guid":{"rendered":"https:\/\/onteaikenpatagonia.cl\/?product=mirador-laguna-cebolla"},"modified":"2025-11-04T18:57:59","modified_gmt":"2025-11-04T18:57:59","slug":"mirador-laguna-cebolla","status":"publish","type":"product","link":"https:\/\/onteaikenpatagonia.cl\/en\/product\/mirador-laguna-cebolla\/","title":{"rendered":"Laguna Cebolla Viewpoint"},"content":{"rendered":"<p>Distancia: 10km<\/p>\n<p>Es una ruta extensa pero sencilla. La caminata comienza en Laguna Azul y es perfecta para familias con ni\u00f1os o personas que buscan un trekking m\u00e1s relajado para explorar los alrededores del parque nacional.<\/p>\n<p>Es un \u00e1rea alejada del p\u00fablico masivo, por lo que hace de esta actividad un ambiente grato en contacto con la naturaleza. Una vez en la laguna Cebolla nos esperan vistas hermosas de las torres del Paine.<\/p>\n<p>El sendero recorre por bosques, estepas y lagunas.<\/p>","protected":false},"excerpt":{"rendered":"<p>Distancia: 10km Es una ruta extensa pero sencilla. La caminata comienza en Laguna Azul y es perfecta para familias con ni\u00f1os o personas que buscan un trekking m\u00e1s relajado para explorar los alrededores del parque nacional. Es un \u00e1rea alejada del p\u00fablico masivo, por lo que hace de esta actividad un ambiente grato en contacto [&hellip;]<\/p>","protected":false},"featured_media":0,"comment_status":"open","ping_status":"closed","template":"","meta":[],"product_brand":[],"product_cat":[34,32],"product_tag":[],"class_list":{"0":"post-566","1":"product","2":"type-product","3":"status-publish","5":"product_cat-puerto-natales","6":"product_cat-trekking","8":"first","9":"instock","10":"shipping-taxable","11":"product-type-simple"},"_links":{"self":[{"href":"https:\/\/onteaikenpatagonia.cl\/en\/wp-json\/wp\/v2\/product\/566","targetHints":{"allow":["GET"]}}],"collection":[{"href":"https:\/\/onteaikenpatagonia.cl\/en\/wp-json\/wp\/v2\/product"}],"about":[{"href":"https:\/\/onteaikenpatagonia.cl\/en\/wp-json\/wp\/v2\/types\/product"}],"replies":[{"embeddable":true,"href":"https:\/\/onteaikenpatagonia.cl\/en\/wp-json\/wp\/v2\/comments?post=566"}],"wp:attachment":[{"href":"https:\/\/onteaikenpatagonia.cl\/en\/wp-json\/wp\/v2\/media?parent=566"}],"wp:term":[{"taxonomy":"product_brand","embeddable":true,"href":"https:\/\/onteaikenpatagonia.cl\/en\/wp-json\/wp\/v2\/product_brand?post=566"},{"taxonomy":"product_cat","embeddable":true,"href":"https:\/\/onteaikenpatagonia.cl\/en\/wp-json\/wp\/v2\/product_cat?post=566"},{"taxonomy":"product_tag","embeddable":true,"href":"https:\/\/onteaikenpatagonia.cl\/en\/wp-json\/wp\/v2\/product_tag?post=566"}],"curies":[{"name":"wp","href":"https:\/\/api.w.org\/{rel}","templated":true}]}}