{"id":565,"date":"2025-08-29T19:07:42","date_gmt":"2025-08-29T19:07:42","guid":{"rendered":"https:\/\/onteaikenpatagonia.cl\/?product=programa-w-alternativa-3-dias-2-noches"},"modified":"2025-11-04T19:02:15","modified_gmt":"2025-11-04T19:02:15","slug":"programa-w-alternativa-3-dias-2-noches","status":"publish","type":"product","link":"https:\/\/onteaikenpatagonia.cl\/en\/product\/programa-w-alternativa-3-dias-2-noches\/","title":{"rendered":"Alternative W Trek Program \/ 3 Days \u2013 2 Nights"},"content":{"rendered":"<p>D\u00eda 1: Caminata 22 kil\u00f3metros aproximadamente (07\/08 horas) \/ Dificultad: Media-Alta<\/p>\n<p>06.30am Traslado desde su alojamiento al rodoviario de Puerto Natales para abordar bus a las 07.00am con destino Torres del Paine. Despu\u00e9s de un viaje de 2 horas, al llegar a porter\u00eda Laguna Amarga se hace un transbordo con \u201cTransporte Las Torres\u201d, quienes conectan con el Centro de Bienvenida. Se realiza check in en el Refugio y se inicia la primera jornada de caminata, mirador Base Torres.<\/p>\n<p>Base Torres, con un nivel de dificultad \u201cmedia\u201d, 22km de distancia y 8hrs de actividad, es una de las rutas m\u00e1s populares dentro del Parque Nacional.<\/p>\n<p>Despu\u00e9s de 4hrs de ascenso, disfrutaremos de vistas incre\u00edbles. Un conjunto de tres torres de granito que se alzan majestuosamente sobre un lago glacial. Es un paisaje espectacular y uno de los puntos ic\u00f3nicos de la Patagonia chilena.<\/p>\n<p>De regreso a trav\u00e9s del mismo sendero, pasaremos la noche en refugio o camping las Torres.<\/p>\n<p>D\u00eda 2: Caminata 18 kil\u00f3metros (06\/07 horas) \/ Dificultad Alta<\/p>\n<p>Este d\u00eda un veh\u00edculo nos tomar\u00e1 en el Centro de Bienvenida Las Torres para trasladarnos hacia puerto Pudeto, donde abordaremos un catamar\u00e1n para navegar por 30 minutos en Lago Pehoe, con una de las vistas m\u00e1s bellas de la cordillera Paine. Una vez arribados al sector de refugio y camping Paine Grande, realizaremos check in para posteriormente caminar a Valle Franc\u00e9s.<\/p>\n<p>Considerado uno de los valles m\u00e1s atractivos del parque nacional por su alto valor esc\u00e9nico, se encuentra rodeado de escarpadas cumbres y paredes de granito, a los pies del Paine Grande, la monta\u00f1a m\u00e1s alta de la regi\u00f3n desde donde cuelga el glaciar franc\u00e9s.<\/p>\n<p>Posteriormente retornamos por los pies de la monta\u00f1a hasta llegar a Paine Grande donde pasaremos la noche a orillas del lago Pehoe.<\/p>\n<p>D\u00eda 3: Caminata 11 kil\u00f3metros (04 horas) \/ Dificultad Media<\/p>\n<p>Este d\u00eda caminaremos entre la cordillera y el lago Grey durante 4 horas, 2 horas de ida y 2 horas de retorno. A 2 horas de caminata llegaremos al mirador del Glaciar Grey, desde donde observaremos el lago con sus t\u00e9mpanos flotantes y la larga lengua glaciar junto al campo de hielo sur.<\/p>\n<p>M\u00e1s tarde retornamos por el mismo sendero para abordar nuevamente el catamar\u00e1n que nos conectar\u00e1 con el traslado hasta Puerto Natales.<\/p>","protected":false},"excerpt":{"rendered":"<p>D\u00eda 1: Caminata 22 kil\u00f3metros aproximadamente (07\/08 horas) \/ Dificultad: Media-Alta 06.30am Traslado desde su alojamiento al rodoviario de Puerto Natales para abordar bus a las 07.00am con destino Torres del Paine. Despu\u00e9s de un viaje de 2 horas, al llegar a porter\u00eda Laguna Amarga se hace un transbordo con \u201cTransporte Las Torres\u201d, quienes conectan [&hellip;]<\/p>","protected":false},"featured_media":1274,"comment_status":"open","ping_status":"closed","template":"","meta":[],"product_brand":[],"product_cat":[34,35,32],"product_tag":[],"class_list":{"0":"post-565","1":"product","2":"type-product","3":"status-publish","4":"has-post-thumbnail","6":"product_cat-puerto-natales","7":"product_cat-torres-del-paine","8":"product_cat-trekking","10":"first","11":"instock","12":"shipping-taxable","13":"product-type-simple"},"_links":{"self":[{"href":"https:\/\/onteaikenpatagonia.cl\/en\/wp-json\/wp\/v2\/product\/565","targetHints":{"allow":["GET"]}}],"collection":[{"href":"https:\/\/onteaikenpatagonia.cl\/en\/wp-json\/wp\/v2\/product"}],"about":[{"href":"https:\/\/onteaikenpatagonia.cl\/en\/wp-json\/wp\/v2\/types\/product"}],"replies":[{"embeddable":true,"href":"https:\/\/onteaikenpatagonia.cl\/en\/wp-json\/wp\/v2\/comments?post=565"}],"wp:featuredmedia":[{"embeddable":true,"href":"https:\/\/onteaikenpatagonia.cl\/en\/wp-json\/wp\/v2\/media\/1274"}],"wp:attachment":[{"href":"https:\/\/onteaikenpatagonia.cl\/en\/wp-json\/wp\/v2\/media?parent=565"}],"wp:term":[{"taxonomy":"product_brand","embeddable":true,"href":"https:\/\/onteaikenpatagonia.cl\/en\/wp-json\/wp\/v2\/product_brand?post=565"},{"taxonomy":"product_cat","embeddable":true,"href":"https:\/\/onteaikenpatagonia.cl\/en\/wp-json\/wp\/v2\/product_cat?post=565"},{"taxonomy":"product_tag","embeddable":true,"href":"https:\/\/onteaikenpatagonia.cl\/en\/wp-json\/wp\/v2\/product_tag?post=565"}],"curies":[{"name":"wp","href":"https:\/\/api.w.org\/{rel}","templated":true}]}}