{"id":564,"date":"2025-08-29T19:07:42","date_gmt":"2025-08-29T19:07:42","guid":{"rendered":"https:\/\/onteaikenpatagonia.cl\/?product=programa-w-5-dias-4-noches"},"modified":"2025-11-04T19:09:20","modified_gmt":"2025-11-04T19:09:20","slug":"programa-w-5-dias-4-noches","status":"publish","type":"product","link":"https:\/\/onteaikenpatagonia.cl\/en\/product\/programa-w-5-dias-4-noches\/","title":{"rendered":"PROGRAMA W \/ 5 d\u00edas \u2013 4 noches"},"content":{"rendered":"<p>D\u00eda 1: Caminata 22 kil\u00f3metros aproximadamente (07\/08 horas) \/ Dificultad: Media-Alta<\/p>\n<p>06.30am Traslado desde su alojamiento al rodoviario de Puerto Natales para abordar bus a las 07.00am con destino Torres del Paine. Despu\u00e9s de un viaje de 2 horas, al llegar a porter\u00eda Laguna Amarga se hace un transbordo con \u201cTransporte Las Torres\u201d, quienes conectan con el Centro de Bienvenida. Se realiza check in en el Refugio y se inicia la primera jornada de caminata, mirador Base Torres.<\/p>\n<p>Base Torres, con un nivel de dificultad \u201cmedia\u201d, 22km de distancia y 8hrs de actividad, es una de las rutas m\u00e1s populares dentro del Parque Nacional.<\/p>\n<p>Despu\u00e9s de 4hrs de ascenso, disfrutaremos de vistas incre\u00edbles. Un conjunto de tres torres de granito que se alzan majestuosamente sobre un lago glacial. Es un paisaje espectacular y uno de los puntos ic\u00f3nicos de la Patagonia chilena.<\/p>\n<p>De regreso a trav\u00e9s del mismo sendero, pasaremos la noche en refugio o camping las Torres.<\/p>\n<p>D\u00eda 2: Caminata 15 kil\u00f3metros aproximadamente (04\/05 horas) \/ Dificultad Media<\/p>\n<p>Este d\u00eda caminaremos a Cuernos del Paine, avistando hermosos valles, r\u00edos y bosques, siendo un d\u00eda ligero de gran belleza esc\u00e9nica. De dificultad media, el sendero no presenta grandes desniveles.<\/p>\n<p>Pasaremos la noche en los imponentes Cuernos del Paine. En refugio Cuernos o Franc\u00e9s, seg\u00fan la disponibilidad.<\/p>\n<p>D\u00eda 3: Caminata 18 kil\u00f3metros (06\/07 horas) \/ Dificultad Alta<\/p>\n<p>Este d\u00eda junto a Base Torres, son los m\u00e1s largos del programa. Cruzaremos un denso bosque nativo a los pies de las monta\u00f1as, para internarse en unos de los valle m\u00e1s bellos del parque nacional, el valle franc\u00e9s. Rodeados de escarpadas cumbres y paredes de granito, a los pies del Paine Grande, la monta\u00f1a m\u00e1s alta de la regi\u00f3n desde donde cuelga el glaciar franc\u00e9s.<\/p>\n<p>Posteriormente continuaremos caminando por los pies de la monta\u00f1a hasta llegar a Paine Grande, \u00e1rea de camping y refugio donde pasaremos la noche a orillas del lago Pehoe, con una incre\u00edble vista a la cordillera Paine.<\/p>\n<p>D\u00eda 4: Caminata 11 kil\u00f3metros (04\/05 horas) \/ Dificultad Media<\/p>\n<p>El cuarto d\u00eda caminaremos entre la cordillera y el lago Grey durante 4 horas hasta llegar al refugio y camping Grey. Durante el sendero obtendremos vistas del campo de hielo sur y el glaciar Grey. Adem\u00e1s, la noche la pasaremos en el refugio y camping Grey. Ubicado a minutos del lago y glaciar Grey, que se desprende de los Campos de Hielos Sur.<\/p>\n<p>D\u00eda 5<\/p>\n<p>Este d\u00eda abordaremos un catamar\u00e1n para navegar por el lago Grey, uno de los principales atractivos del parque nacional. Nos acercaremos hasta el frontis del glaciar. Disfrutaremos un buen pisco sour con hielo recogido del mismo lago, para despu\u00e9s de 2 horas llegar a la costa en donde nos esperar\u00e1 un veh\u00edculo para trasladarnos de retorno a Puerto Natales.<\/p>","protected":false},"excerpt":{"rendered":"<p>D\u00eda 1: Caminata 22 kil\u00f3metros aproximadamente (07\/08 horas) \/ Dificultad: Media-Alta 06.30am Traslado desde su alojamiento al rodoviario de Puerto Natales para abordar bus a las 07.00am con destino Torres del Paine. Despu\u00e9s de un viaje de 2 horas, al llegar a porter\u00eda Laguna Amarga se hace un transbordo con \u201cTransporte Las Torres\u201d, quienes conectan [&hellip;]<\/p>","protected":false},"featured_media":1806,"comment_status":"open","ping_status":"closed","template":"","meta":[],"product_brand":[],"product_cat":[34,35,32],"product_tag":[],"class_list":{"0":"post-564","1":"product","2":"type-product","3":"status-publish","4":"has-post-thumbnail","6":"product_cat-puerto-natales","7":"product_cat-torres-del-paine","8":"product_cat-trekking","10":"first","11":"instock","12":"shipping-taxable","13":"product-type-simple"},"_links":{"self":[{"href":"https:\/\/onteaikenpatagonia.cl\/en\/wp-json\/wp\/v2\/product\/564","targetHints":{"allow":["GET"]}}],"collection":[{"href":"https:\/\/onteaikenpatagonia.cl\/en\/wp-json\/wp\/v2\/product"}],"about":[{"href":"https:\/\/onteaikenpatagonia.cl\/en\/wp-json\/wp\/v2\/types\/product"}],"replies":[{"embeddable":true,"href":"https:\/\/onteaikenpatagonia.cl\/en\/wp-json\/wp\/v2\/comments?post=564"}],"wp:featuredmedia":[{"embeddable":true,"href":"https:\/\/onteaikenpatagonia.cl\/en\/wp-json\/wp\/v2\/media\/1806"}],"wp:attachment":[{"href":"https:\/\/onteaikenpatagonia.cl\/en\/wp-json\/wp\/v2\/media?parent=564"}],"wp:term":[{"taxonomy":"product_brand","embeddable":true,"href":"https:\/\/onteaikenpatagonia.cl\/en\/wp-json\/wp\/v2\/product_brand?post=564"},{"taxonomy":"product_cat","embeddable":true,"href":"https:\/\/onteaikenpatagonia.cl\/en\/wp-json\/wp\/v2\/product_cat?post=564"},{"taxonomy":"product_tag","embeddable":true,"href":"https:\/\/onteaikenpatagonia.cl\/en\/wp-json\/wp\/v2\/product_tag?post=564"}],"curies":[{"name":"wp","href":"https:\/\/api.w.org\/{rel}","templated":true}]}}