{"id":563,"date":"2025-08-29T19:07:42","date_gmt":"2025-08-29T19:07:42","guid":{"rendered":"https:\/\/onteaikenpatagonia.cl\/?product=full-day-parque-nacional-tierra-del-fuego"},"modified":"2025-11-04T19:04:22","modified_gmt":"2025-11-04T19:04:22","slug":"full-day-parque-nacional-tierra-del-fuego","status":"publish","type":"product","link":"https:\/\/onteaikenpatagonia.cl\/en\/product\/full-day-parque-nacional-tierra-del-fuego\/","title":{"rendered":"Full Day Tierra del Fuego National Park"},"content":{"rendered":"<p>Nos dirigiremos hacia el Parque Nacional Tierra del Fuego ubicado a 12 kil\u00f3metros desde Ushuaia hasta llegar a la estaci\u00f3n del Ferrocarril Austral Fueguino, lugar donde trabajaban antiguamente los reclusos del presidio de Ushuaia.<\/p>\n<p>Tras visitar las instalaciones quienes lo deseen podr\u00e1n realizar el recorrido de una hora en el tren que los llevar\u00e1 por el antiguo trazado del tren del presidio hasta llegar a donde estaba el viejo aserradero Lombardich junto con descripciones de la zona para unirse al finalizar el viaje al recorrido del Parque Nacional Tierra del Fuego.<\/p>\n<p>Aquellos que hayan optado por continuar el recorrido en bus con el gu\u00eda continuar\u00e1n hasta ingresar al Parque Nacional donde nos encontraremos con el resto del grupo y visitaremos lugares como el Lago Acigami y Bah\u00eda Lapataia realizando peque\u00f1as caminatas y disfrutando de la flora y fauna del Parque Nacional m\u00e1s austral de Argentina.<\/p>","protected":false},"excerpt":{"rendered":"<p>Nos dirigiremos hacia el Parque Nacional Tierra del Fuego ubicado a 12 kil\u00f3metros desde Ushuaia hasta llegar a la estaci\u00f3n del Ferrocarril Austral Fueguino, lugar donde trabajaban antiguamente los reclusos del presidio de Ushuaia. Tras visitar las instalaciones quienes lo deseen podr\u00e1n realizar el recorrido de una hora en el tren que los llevar\u00e1 por [&hellip;]<\/p>","protected":false},"featured_media":1463,"comment_status":"open","ping_status":"closed","template":"","meta":[],"product_brand":[],"product_cat":[31],"product_tag":[],"class_list":{"0":"post-563","1":"product","2":"type-product","3":"status-publish","4":"has-post-thumbnail","6":"product_cat-punta-arenas","8":"first","9":"instock","10":"shipping-taxable","11":"product-type-simple"},"_links":{"self":[{"href":"https:\/\/onteaikenpatagonia.cl\/en\/wp-json\/wp\/v2\/product\/563","targetHints":{"allow":["GET"]}}],"collection":[{"href":"https:\/\/onteaikenpatagonia.cl\/en\/wp-json\/wp\/v2\/product"}],"about":[{"href":"https:\/\/onteaikenpatagonia.cl\/en\/wp-json\/wp\/v2\/types\/product"}],"replies":[{"embeddable":true,"href":"https:\/\/onteaikenpatagonia.cl\/en\/wp-json\/wp\/v2\/comments?post=563"}],"wp:featuredmedia":[{"embeddable":true,"href":"https:\/\/onteaikenpatagonia.cl\/en\/wp-json\/wp\/v2\/media\/1463"}],"wp:attachment":[{"href":"https:\/\/onteaikenpatagonia.cl\/en\/wp-json\/wp\/v2\/media?parent=563"}],"wp:term":[{"taxonomy":"product_brand","embeddable":true,"href":"https:\/\/onteaikenpatagonia.cl\/en\/wp-json\/wp\/v2\/product_brand?post=563"},{"taxonomy":"product_cat","embeddable":true,"href":"https:\/\/onteaikenpatagonia.cl\/en\/wp-json\/wp\/v2\/product_cat?post=563"},{"taxonomy":"product_tag","embeddable":true,"href":"https:\/\/onteaikenpatagonia.cl\/en\/wp-json\/wp\/v2\/product_tag?post=563"}],"curies":[{"name":"wp","href":"https:\/\/api.w.org\/{rel}","templated":true}]}}