{"id":562,"date":"2025-08-29T19:07:41","date_gmt":"2025-08-29T19:07:41","guid":{"rendered":"https:\/\/onteaikenpatagonia.cl\/?product=todo-glaciares"},"modified":"2025-11-04T19:11:17","modified_gmt":"2025-11-04T19:11:17","slug":"todo-glaciares","status":"publish","type":"product","link":"https:\/\/onteaikenpatagonia.cl\/en\/product\/todo-glaciares\/","title":{"rendered":"All Glaciers Tour"},"content":{"rendered":"<p>Empezaremos el d\u00eda recogi\u00e9ndolos por su alojamiento a partir de las 07:00 am para dar inicio a un corto recorrido de 47 kms desde El Calafate hacia el Puerto de Punta Bandera desde donde partir\u00e1 nuestra navegaci\u00f3n.<\/p>\n<p>Una vez ya embarcados zarparemos recorriendo el Canal Norte del Lago Argentino con destino al Canal Upsala para navegar entre los grandes t\u00e9mpanos que se desprenden del frente del Glaciar hom\u00f3nimo. Luego, ingresamos al Canal Spegazzini donde momentos despu\u00e9s tendremos la primera vista del Glaciar Seco; continuaremos navegando hasta el frente del Glaciar Spegazzini donde contemplaremos los glaciares Heim Sur y Peineta.<\/p>\n<p>Posteriormente nos prepararemos para desembarcar en La Base Spegazzini y comenzaremos la visita al \u00e1rea caminando a trav\u00e9s de un sendero plano de 300 metros que conecta el muelle con el Refugio. Durante la caminata tendremos vistas inigualables de La Bah\u00eda de Los Glaciares, encontraremos estaciones tem\u00e1ticas y miradores de 350 metros.<\/p>\n<p>Durante nuestra expedici\u00f3n los gu\u00edas que nos acompa\u00f1an nos brindar\u00e1n recomendaciones de seguridad y arribaremos junto a ellos al Refugio Spegazzini. \u00c9ste es un incre\u00edble lugar para contemplar los glaciares con una vista preferencial.<\/p>\n<p>Durante toda la navegaci\u00f3n estaremos acompa\u00f1ados por gu\u00edas biling\u00fces y fot\u00f3grafos. Los catamaranes cuentan con un bar a bordo el cual brinda servicio de cafeter\u00eda, bebidas y snacks.<\/p>\n<p>Finalmente, regresaremos al puerto alrededor de las 16:00 hrs y llegaremos a nuestro alojamiento aproximadamente a las 17:30 hrs.<\/p>","protected":false},"excerpt":{"rendered":"<p>Empezaremos el d\u00eda recogi\u00e9ndolos por su alojamiento a partir de las 07:00 am para dar inicio a un corto recorrido de 47 kms desde El Calafate hacia el Puerto de Punta Bandera desde donde partir\u00e1 nuestra navegaci\u00f3n. Una vez ya embarcados zarparemos recorriendo el Canal Norte del Lago Argentino con destino al Canal Upsala para [&hellip;]<\/p>","protected":false},"featured_media":335,"comment_status":"open","ping_status":"closed","template":"","meta":[],"product_brand":[],"product_cat":[37],"product_tag":[],"class_list":{"0":"post-562","1":"product","2":"type-product","3":"status-publish","4":"has-post-thumbnail","6":"product_cat-glaciares","8":"first","9":"instock","10":"shipping-taxable","11":"product-type-simple"},"_links":{"self":[{"href":"https:\/\/onteaikenpatagonia.cl\/en\/wp-json\/wp\/v2\/product\/562","targetHints":{"allow":["GET"]}}],"collection":[{"href":"https:\/\/onteaikenpatagonia.cl\/en\/wp-json\/wp\/v2\/product"}],"about":[{"href":"https:\/\/onteaikenpatagonia.cl\/en\/wp-json\/wp\/v2\/types\/product"}],"replies":[{"embeddable":true,"href":"https:\/\/onteaikenpatagonia.cl\/en\/wp-json\/wp\/v2\/comments?post=562"}],"wp:featuredmedia":[{"embeddable":true,"href":"https:\/\/onteaikenpatagonia.cl\/en\/wp-json\/wp\/v2\/media\/335"}],"wp:attachment":[{"href":"https:\/\/onteaikenpatagonia.cl\/en\/wp-json\/wp\/v2\/media?parent=562"}],"wp:term":[{"taxonomy":"product_brand","embeddable":true,"href":"https:\/\/onteaikenpatagonia.cl\/en\/wp-json\/wp\/v2\/product_brand?post=562"},{"taxonomy":"product_cat","embeddable":true,"href":"https:\/\/onteaikenpatagonia.cl\/en\/wp-json\/wp\/v2\/product_cat?post=562"},{"taxonomy":"product_tag","embeddable":true,"href":"https:\/\/onteaikenpatagonia.cl\/en\/wp-json\/wp\/v2\/product_tag?post=562"}],"curies":[{"name":"wp","href":"https:\/\/api.w.org\/{rel}","templated":true}]}}