{"id":560,"date":"2025-08-29T19:07:41","date_gmt":"2025-08-29T19:07:41","guid":{"rendered":"https:\/\/onteaikenpatagonia.cl\/?product=full-day-chalten-mirador-de-los-condores-y-chorrillo-del-salto"},"modified":"2025-11-04T19:16:14","modified_gmt":"2025-11-04T19:16:14","slug":"full-day-chalten-mirador-de-los-condores-y-chorrillo-del-salto","status":"publish","type":"product","link":"https:\/\/onteaikenpatagonia.cl\/en\/product\/full-day-chalten-mirador-de-los-condores-y-chorrillo-del-salto\/","title":{"rendered":"Full Day El Chalt\u00e9n + Condors Viewpoint &amp; Chorrillo del Salto Waterfall"},"content":{"rendered":"<p>Distancia: 2,5 km<\/p>\n<p>Nuestro d\u00eda comenzar\u00e1 dirigi\u00e9ndonos hacia la Zona Norte del Parque Nacional Los Glaciares, para lo que deberemos recorrer m\u00e1s de 200 kil\u00f3metros desde El Calafate hacia El Chalt\u00e9n. Pasado un poco m\u00e1s de mitad de camino llegaremos al Parador La Leona donde nos quedaremos alrededor de 15 minutos para luego continuar nuestro viaje.<\/p>\n<p>Una vez en destino comenzaremos la caminata hacia el Mirador de los C\u00f3ndores, considerada de dificultad baja, recorreremos el sendero por aproximadamente 1 hora y media hasta llegar al mirador que nos permitir\u00e1 disfrutar de una hermosa vista panor\u00e1mica del pueblo, la cordillera y el famoso Cerro Fitz Roy. Al regreso nos recuperaremos con un merecido almuerzo para despu\u00e9s visitar el Chorrillo del Salto, una corta caminata que nos llevar\u00e1 a un salto de agua de unos 20 metros de altura.<br \/>\nTras nuestra visita iniciaremos el regreso a El Calafate.<\/p>","protected":false},"excerpt":{"rendered":"<p>Distancia: 2,5 km Nuestro d\u00eda comenzar\u00e1 dirigi\u00e9ndonos hacia la Zona Norte del Parque Nacional Los Glaciares, para lo que deberemos recorrer m\u00e1s de 200 kil\u00f3metros desde El Calafate hacia El Chalt\u00e9n. Pasado un poco m\u00e1s de mitad de camino llegaremos al Parador La Leona donde nos quedaremos alrededor de 15 minutos para luego continuar nuestro [&hellip;]<\/p>","protected":false},"featured_media":1454,"comment_status":"open","ping_status":"closed","template":"","meta":[],"product_brand":[],"product_cat":[27,32],"product_tag":[],"class_list":{"0":"post-560","1":"product","2":"type-product","3":"status-publish","4":"has-post-thumbnail","6":"product_cat-patagonia-argentina","7":"product_cat-trekking","9":"first","10":"instock","11":"shipping-taxable","12":"product-type-simple"},"_links":{"self":[{"href":"https:\/\/onteaikenpatagonia.cl\/en\/wp-json\/wp\/v2\/product\/560","targetHints":{"allow":["GET"]}}],"collection":[{"href":"https:\/\/onteaikenpatagonia.cl\/en\/wp-json\/wp\/v2\/product"}],"about":[{"href":"https:\/\/onteaikenpatagonia.cl\/en\/wp-json\/wp\/v2\/types\/product"}],"replies":[{"embeddable":true,"href":"https:\/\/onteaikenpatagonia.cl\/en\/wp-json\/wp\/v2\/comments?post=560"}],"wp:featuredmedia":[{"embeddable":true,"href":"https:\/\/onteaikenpatagonia.cl\/en\/wp-json\/wp\/v2\/media\/1454"}],"wp:attachment":[{"href":"https:\/\/onteaikenpatagonia.cl\/en\/wp-json\/wp\/v2\/media?parent=560"}],"wp:term":[{"taxonomy":"product_brand","embeddable":true,"href":"https:\/\/onteaikenpatagonia.cl\/en\/wp-json\/wp\/v2\/product_brand?post=560"},{"taxonomy":"product_cat","embeddable":true,"href":"https:\/\/onteaikenpatagonia.cl\/en\/wp-json\/wp\/v2\/product_cat?post=560"},{"taxonomy":"product_tag","embeddable":true,"href":"https:\/\/onteaikenpatagonia.cl\/en\/wp-json\/wp\/v2\/product_tag?post=560"}],"curies":[{"name":"wp","href":"https:\/\/api.w.org\/{rel}","templated":true}]}}