{"id":559,"date":"2025-08-29T19:07:41","date_gmt":"2025-08-29T19:07:41","guid":{"rendered":"https:\/\/onteaikenpatagonia.cl\/?product=full-day-perito-moreno-desde-el-calafate"},"modified":"2025-11-04T19:19:16","modified_gmt":"2025-11-04T19:19:16","slug":"full-day-perito-moreno-desde-el-calafate","status":"publish","type":"product","link":"https:\/\/onteaikenpatagonia.cl\/en\/product\/full-day-perito-moreno-desde-el-calafate\/","title":{"rendered":"Full Day Perito Moreno Glacier (from El Calafate)"},"content":{"rendered":"<p>Iniciaremos el d\u00eda recogi\u00e9ndolos en su alojamiento para luego recorrer los 80 kil\u00f3metros desde El Calafate hasta nuestro destino, el Glaciar Perito Moreno.<br \/>\nA lo largo del recorrido podremos disfrutar de vistas del Lago Argentino junto con avifauna local e iremos reconociendo como poco a poco la vegetaci\u00f3n va cambiando de estepa a bosque de transici\u00f3n hasta convertirse finalmente en un denso bosque andino patag\u00f3nico mientras que un gu\u00eda especializado nos brinda informaci\u00f3n fundamental para enriquecer nuestra visita.<br \/>\nAl llegar al Parque Nacional Los Glaciares y estemos frente al Glaciar Perito Moreno contaremos con aproximadamente 3 horas para recorrer los diferentes circuitos que componen las pasarelas antes de emprender el regreso a El Calafate.<\/p>\n<p>Opcionalmente existe una navegaci\u00f3n complementaria de aproximadamente 1 hora frente a la pared Norte del Glaciar Perito Moreno que podr\u00e1n tomar aquellos que deseen disfrutar de una vista diferente del glaciar (sujeta a disponibilidad y condiciones clim\u00e1ticas).<\/p>","protected":false},"excerpt":{"rendered":"<p>Iniciaremos el d\u00eda recogi\u00e9ndolos en su alojamiento para luego recorrer los 80 kil\u00f3metros desde El Calafate hasta nuestro destino, el Glaciar Perito Moreno. A lo largo del recorrido podremos disfrutar de vistas del Lago Argentino junto con avifauna local e iremos reconociendo como poco a poco la vegetaci\u00f3n va cambiando de estepa a bosque de [&hellip;]<\/p>","protected":false},"featured_media":1454,"comment_status":"open","ping_status":"closed","template":"","meta":[],"product_brand":[],"product_cat":[27],"product_tag":[],"class_list":{"0":"post-559","1":"product","2":"type-product","3":"status-publish","4":"has-post-thumbnail","6":"product_cat-patagonia-argentina","8":"first","9":"instock","10":"shipping-taxable","11":"product-type-simple"},"_links":{"self":[{"href":"https:\/\/onteaikenpatagonia.cl\/en\/wp-json\/wp\/v2\/product\/559","targetHints":{"allow":["GET"]}}],"collection":[{"href":"https:\/\/onteaikenpatagonia.cl\/en\/wp-json\/wp\/v2\/product"}],"about":[{"href":"https:\/\/onteaikenpatagonia.cl\/en\/wp-json\/wp\/v2\/types\/product"}],"replies":[{"embeddable":true,"href":"https:\/\/onteaikenpatagonia.cl\/en\/wp-json\/wp\/v2\/comments?post=559"}],"wp:featuredmedia":[{"embeddable":true,"href":"https:\/\/onteaikenpatagonia.cl\/en\/wp-json\/wp\/v2\/media\/1454"}],"wp:attachment":[{"href":"https:\/\/onteaikenpatagonia.cl\/en\/wp-json\/wp\/v2\/media?parent=559"}],"wp:term":[{"taxonomy":"product_brand","embeddable":true,"href":"https:\/\/onteaikenpatagonia.cl\/en\/wp-json\/wp\/v2\/product_brand?post=559"},{"taxonomy":"product_cat","embeddable":true,"href":"https:\/\/onteaikenpatagonia.cl\/en\/wp-json\/wp\/v2\/product_cat?post=559"},{"taxonomy":"product_tag","embeddable":true,"href":"https:\/\/onteaikenpatagonia.cl\/en\/wp-json\/wp\/v2\/product_tag?post=559"}],"curies":[{"name":"wp","href":"https:\/\/api.w.org\/{rel}","templated":true}]}}