{"id":558,"date":"2025-08-29T19:07:40","date_gmt":"2025-08-29T19:07:40","guid":{"rendered":"https:\/\/onteaikenpatagonia.cl\/?product=rupestre-patagonia"},"modified":"2025-11-04T19:20:46","modified_gmt":"2025-11-04T19:20:46","slug":"rupestre-patagonia","status":"publish","type":"product","link":"https:\/\/onteaikenpatagonia.cl\/en\/product\/rupestre-patagonia\/","title":{"rendered":"Rupestre Patagonia"},"content":{"rendered":"<p>Distancia: 6,5 kms<\/p>\n<p>Ubicado a solo 30 minutos de Puerto Natales, en esta excursi\u00f3n de medio d\u00eda recorreremos una zona de la provincia donde alguna vez habit\u00f3 el antiguo hombre patag\u00f3nico. Caminaremos por incre\u00edbles paisajes y avistaremos fauna caracter\u00edstica de la zona. El recorrido permite vistas hacia monta\u00f1as, grandes paredes, bosques, fiordos y el lago Sof\u00eda.<\/p>\n<p>El \u00e1rea del cerro Benites es reconocida por su inter\u00e9s arqueol\u00f3gico y paleontol\u00f3gico. Visitaremos cuevas con estalactitas formadas producto de la filtraci\u00f3n de agua y goteo constante durante miles de a\u00f1os. Posteriormente caminaremos a otro sector para observar las pinturas rupestres en el alero de una rocosa pared que alguna vez fue fondo marino.<\/p>","protected":false},"excerpt":{"rendered":"<p>Distancia: 6,5 kms Ubicado a solo 30 minutos de Puerto Natales, en esta excursi\u00f3n de medio d\u00eda recorreremos una zona de la provincia donde alguna vez habit\u00f3 el antiguo hombre patag\u00f3nico. Caminaremos por incre\u00edbles paisajes y avistaremos fauna caracter\u00edstica de la zona. El recorrido permite vistas hacia monta\u00f1as, grandes paredes, bosques, fiordos y el lago [&hellip;]<\/p>","protected":false},"featured_media":1485,"comment_status":"open","ping_status":"closed","template":"","meta":[],"product_brand":[],"product_cat":[34,32],"product_tag":[],"class_list":{"0":"post-558","1":"product","2":"type-product","3":"status-publish","4":"has-post-thumbnail","6":"product_cat-puerto-natales","7":"product_cat-trekking","9":"first","10":"instock","11":"shipping-taxable","12":"product-type-simple"},"_links":{"self":[{"href":"https:\/\/onteaikenpatagonia.cl\/en\/wp-json\/wp\/v2\/product\/558","targetHints":{"allow":["GET"]}}],"collection":[{"href":"https:\/\/onteaikenpatagonia.cl\/en\/wp-json\/wp\/v2\/product"}],"about":[{"href":"https:\/\/onteaikenpatagonia.cl\/en\/wp-json\/wp\/v2\/types\/product"}],"replies":[{"embeddable":true,"href":"https:\/\/onteaikenpatagonia.cl\/en\/wp-json\/wp\/v2\/comments?post=558"}],"wp:featuredmedia":[{"embeddable":true,"href":"https:\/\/onteaikenpatagonia.cl\/en\/wp-json\/wp\/v2\/media\/1485"}],"wp:attachment":[{"href":"https:\/\/onteaikenpatagonia.cl\/en\/wp-json\/wp\/v2\/media?parent=558"}],"wp:term":[{"taxonomy":"product_brand","embeddable":true,"href":"https:\/\/onteaikenpatagonia.cl\/en\/wp-json\/wp\/v2\/product_brand?post=558"},{"taxonomy":"product_cat","embeddable":true,"href":"https:\/\/onteaikenpatagonia.cl\/en\/wp-json\/wp\/v2\/product_cat?post=558"},{"taxonomy":"product_tag","embeddable":true,"href":"https:\/\/onteaikenpatagonia.cl\/en\/wp-json\/wp\/v2\/product_tag?post=558"}],"curies":[{"name":"wp","href":"https:\/\/api.w.org\/{rel}","templated":true}]}}