{"id":557,"date":"2025-08-29T19:07:40","date_gmt":"2025-08-29T19:07:40","guid":{"rendered":"https:\/\/onteaikenpatagonia.cl\/?product=sendero-aonikenk-y-canadon-macho"},"modified":"2025-11-04T19:23:31","modified_gmt":"2025-11-04T19:23:31","slug":"sendero-aonikenk-y-canadon-macho","status":"publish","type":"product","link":"https:\/\/onteaikenpatagonia.cl\/en\/product\/sendero-aonikenk-y-canadon-macho\/","title":{"rendered":"Sendero Aonikenk y Ca\u00f1ad\u00f3n Macho"},"content":{"rendered":"<p>Distancia: 10,5kms.<\/p>\n<p>Esta caminata es la indicada para quien busque fotografiar fauna nativa y paisajes australes combinados con una actividad ligera de muy baja dificultad. El veh\u00edculo nos deja en porter\u00eda Sarmiento, desde donde caminaremos hasta llegar a la porter\u00eda principal del parque nacional, Laguna Amarga. Esta caminata de 2.5 horas atraviesa un paisaje de pampa y estepa patag\u00f3nica.<\/p>\n<p>Distancia: 7kms.<\/p>\n<p>Posteriormente nos trasladaremos al sector ca\u00f1ad\u00f3n macho, caracterizado por su tranquilidad y baja densidad de visitantes, lo que lo hace un lugar \u00f3ptimo para la habitabilidad de la fauna. En esta \u00e1rea realizaremos una caminata por la amplia estepa con vista a las Torres.<\/p>\n<p>Distancia: 3,5kms.<\/p>\n<p>Durante el recorrido podremos avistar muy de cerca grandes manadas de Guanacos pastando en su h\u00e1bitat natural, a su vez teniendo la posibilidad de llegar a observar \u00d1and\u00faes, zorros, armadillos, caiquenes, c\u00f3ndores e incluso pumas.<\/p>","protected":false},"excerpt":{"rendered":"<p>Distancia: 10,5kms. Esta caminata es la indicada para quien busque fotografiar fauna nativa y paisajes australes combinados con una actividad ligera de muy baja dificultad. El veh\u00edculo nos deja en porter\u00eda Sarmiento, desde donde caminaremos hasta llegar a la porter\u00eda principal del parque nacional, Laguna Amarga. Esta caminata de 2.5 horas atraviesa un paisaje de [&hellip;]<\/p>","protected":false},"featured_media":0,"comment_status":"open","ping_status":"closed","template":"","meta":[],"product_brand":[],"product_cat":[34,35,32],"product_tag":[],"class_list":{"0":"post-557","1":"product","2":"type-product","3":"status-publish","5":"product_cat-puerto-natales","6":"product_cat-torres-del-paine","7":"product_cat-trekking","9":"first","10":"instock","11":"shipping-taxable","12":"product-type-simple"},"_links":{"self":[{"href":"https:\/\/onteaikenpatagonia.cl\/en\/wp-json\/wp\/v2\/product\/557","targetHints":{"allow":["GET"]}}],"collection":[{"href":"https:\/\/onteaikenpatagonia.cl\/en\/wp-json\/wp\/v2\/product"}],"about":[{"href":"https:\/\/onteaikenpatagonia.cl\/en\/wp-json\/wp\/v2\/types\/product"}],"replies":[{"embeddable":true,"href":"https:\/\/onteaikenpatagonia.cl\/en\/wp-json\/wp\/v2\/comments?post=557"}],"wp:attachment":[{"href":"https:\/\/onteaikenpatagonia.cl\/en\/wp-json\/wp\/v2\/media?parent=557"}],"wp:term":[{"taxonomy":"product_brand","embeddable":true,"href":"https:\/\/onteaikenpatagonia.cl\/en\/wp-json\/wp\/v2\/product_brand?post=557"},{"taxonomy":"product_cat","embeddable":true,"href":"https:\/\/onteaikenpatagonia.cl\/en\/wp-json\/wp\/v2\/product_cat?post=557"},{"taxonomy":"product_tag","embeddable":true,"href":"https:\/\/onteaikenpatagonia.cl\/en\/wp-json\/wp\/v2\/product_tag?post=557"}],"curies":[{"name":"wp","href":"https:\/\/api.w.org\/{rel}","templated":true}]}}