{"id":556,"date":"2025-08-29T19:07:40","date_gmt":"2025-08-29T19:07:40","guid":{"rendered":"https:\/\/onteaikenpatagonia.cl\/?product=mirador-cuernos-y-mirador-condor"},"modified":"2025-11-04T19:25:50","modified_gmt":"2025-11-04T19:25:50","slug":"mirador-cuernos-y-mirador-condor","status":"publish","type":"product","link":"https:\/\/onteaikenpatagonia.cl\/en\/product\/mirador-cuernos-y-mirador-condor\/","title":{"rendered":"Mirador Cuernos y Mirador C\u00f3ndor"},"content":{"rendered":"<p>Dificultad \/ baja \u2013 media.<br \/>\nDuraci\u00f3n: 5hrs.<br \/>\nDistancia: 9 kms.<\/p>\n<p>Los miradores Cuernos y C\u00f3ndor combinan un d\u00eda de actividad f\u00edsica moderada, ideal para quienes gustan del senderismo sin altas exigencias y kil\u00f3metros de caminata. Estos senderos de baja dificultad nos llevan a hermosos miradores del Parque Nacional.<\/p>\n<p>El sendero hacia Mirador Cuernos permite tener frente a frente a una de las formaciones m\u00e1s fotografiadas del macizo Paine, los gigantes Cuernos del Paine. De tonalidades caf\u00e9 y negro, otorgados por los tipos de roca gran\u00edtica y sedimentaria, dejar\u00e1n asombrados a todo quien tenga la oportunidad de observarlas, teniendo a su vez a los pies el lago Nordesnkjold.<\/p>\n<p>Dificulta \/ baja.<br \/>\nDuraci\u00f3n: 2.5hrs.<br \/>\nDistancia: 6.5 kms<\/p>\n<p>El sendero hacia el mirador C\u00f3ndor es un imperdible por su corta duraci\u00f3n y la vista que otorga. Si bien es m\u00e1s exigente ya que a diferencia del anterior, es en ascenso, es de corta distancia. A medida que se va ascendiendo, se asoma una incre\u00edble vista del Lago Pehoe y cordillera Paine. Una vez arriba, la vista es espectacular, logrando ver el parque nacional desde lo alto, c\u00f3ndores volando sobre nosotros y dependiendo de las condiciones del tiempo, experimentando fuertes r\u00e1fagas de viento caracter\u00edsticas de la Patagonia. Toda una aventura.<\/p>\n<p>Dificulta \/ baja \u2013 media.<br \/>\nDuraci\u00f3n: 2.5hrs.<br \/>\nDistancia: 2.5 kms<\/p>","protected":false},"excerpt":{"rendered":"<p>Dificultad \/ baja \u2013 media. Duraci\u00f3n: 5hrs. Distancia: 9 kms. Los miradores Cuernos y C\u00f3ndor combinan un d\u00eda de actividad f\u00edsica moderada, ideal para quienes gustan del senderismo sin altas exigencias y kil\u00f3metros de caminata. Estos senderos de baja dificultad nos llevan a hermosos miradores del Parque Nacional. El sendero hacia Mirador Cuernos permite tener [&hellip;]<\/p>","protected":false},"featured_media":1506,"comment_status":"open","ping_status":"closed","template":"","meta":[],"product_brand":[],"product_cat":[34,35,32],"product_tag":[],"class_list":{"0":"post-556","1":"product","2":"type-product","3":"status-publish","4":"has-post-thumbnail","6":"product_cat-puerto-natales","7":"product_cat-torres-del-paine","8":"product_cat-trekking","10":"first","11":"instock","12":"shipping-taxable","13":"product-type-simple"},"_links":{"self":[{"href":"https:\/\/onteaikenpatagonia.cl\/en\/wp-json\/wp\/v2\/product\/556","targetHints":{"allow":["GET"]}}],"collection":[{"href":"https:\/\/onteaikenpatagonia.cl\/en\/wp-json\/wp\/v2\/product"}],"about":[{"href":"https:\/\/onteaikenpatagonia.cl\/en\/wp-json\/wp\/v2\/types\/product"}],"replies":[{"embeddable":true,"href":"https:\/\/onteaikenpatagonia.cl\/en\/wp-json\/wp\/v2\/comments?post=556"}],"wp:featuredmedia":[{"embeddable":true,"href":"https:\/\/onteaikenpatagonia.cl\/en\/wp-json\/wp\/v2\/media\/1506"}],"wp:attachment":[{"href":"https:\/\/onteaikenpatagonia.cl\/en\/wp-json\/wp\/v2\/media?parent=556"}],"wp:term":[{"taxonomy":"product_brand","embeddable":true,"href":"https:\/\/onteaikenpatagonia.cl\/en\/wp-json\/wp\/v2\/product_brand?post=556"},{"taxonomy":"product_cat","embeddable":true,"href":"https:\/\/onteaikenpatagonia.cl\/en\/wp-json\/wp\/v2\/product_cat?post=556"},{"taxonomy":"product_tag","embeddable":true,"href":"https:\/\/onteaikenpatagonia.cl\/en\/wp-json\/wp\/v2\/product_tag?post=556"}],"curies":[{"name":"wp","href":"https:\/\/api.w.org\/{rel}","templated":true}]}}