{"id":555,"date":"2025-08-29T19:07:39","date_gmt":"2025-08-29T19:07:39","guid":{"rendered":"https:\/\/onteaikenpatagonia.cl\/?product=mirador-ferrier"},"modified":"2025-11-04T19:28:02","modified_gmt":"2025-11-04T19:28:02","slug":"mirador-ferrier","status":"publish","type":"product","link":"https:\/\/onteaikenpatagonia.cl\/en\/product\/mirador-ferrier\/","title":{"rendered":"Ferrier Viewpoint"},"content":{"rendered":"<p>Distancia: 5,6 kms.<\/p>\n<p>Esta excursi\u00f3n es una de las m\u00e1s atractivas dentro del parque para los amantes del senderismo. Desde el mirador podr\u00e1s disfrutar de una vista panor\u00e1mica del lago Grey, Peho\u00e9, Nordesnkjold y Sarmiento. A su vez el imponente campo de hielos sur.<\/p>\n<p>Este sendero es exigente, recomendado para quienes gustan de esta actividad. El mirador se ubica a los 700 m.s.n.m. Se asciende por un denso bosque nativo y en todo momento con incre\u00edble vista del macizo Paine y los lagos. Desde este punto observaremos el parque desde su cara sur \u2013 oeste, siendo una postal imperdible de esta reserva natural.<\/p>","protected":false},"excerpt":{"rendered":"<p>Distancia: 5,6 kms. Esta excursi\u00f3n es una de las m\u00e1s atractivas dentro del parque para los amantes del senderismo. Desde el mirador podr\u00e1s disfrutar de una vista panor\u00e1mica del lago Grey, Peho\u00e9, Nordesnkjold y Sarmiento. A su vez el imponente campo de hielos sur. Este sendero es exigente, recomendado para quienes gustan de esta actividad. [&hellip;]<\/p>","protected":false},"featured_media":1339,"comment_status":"open","ping_status":"closed","template":"","meta":[],"product_brand":[],"product_cat":[34,35,32],"product_tag":[],"class_list":{"0":"post-555","1":"product","2":"type-product","3":"status-publish","4":"has-post-thumbnail","6":"product_cat-puerto-natales","7":"product_cat-torres-del-paine","8":"product_cat-trekking","10":"first","11":"instock","12":"shipping-taxable","13":"product-type-simple"},"_links":{"self":[{"href":"https:\/\/onteaikenpatagonia.cl\/en\/wp-json\/wp\/v2\/product\/555","targetHints":{"allow":["GET"]}}],"collection":[{"href":"https:\/\/onteaikenpatagonia.cl\/en\/wp-json\/wp\/v2\/product"}],"about":[{"href":"https:\/\/onteaikenpatagonia.cl\/en\/wp-json\/wp\/v2\/types\/product"}],"replies":[{"embeddable":true,"href":"https:\/\/onteaikenpatagonia.cl\/en\/wp-json\/wp\/v2\/comments?post=555"}],"wp:featuredmedia":[{"embeddable":true,"href":"https:\/\/onteaikenpatagonia.cl\/en\/wp-json\/wp\/v2\/media\/1339"}],"wp:attachment":[{"href":"https:\/\/onteaikenpatagonia.cl\/en\/wp-json\/wp\/v2\/media?parent=555"}],"wp:term":[{"taxonomy":"product_brand","embeddable":true,"href":"https:\/\/onteaikenpatagonia.cl\/en\/wp-json\/wp\/v2\/product_brand?post=555"},{"taxonomy":"product_cat","embeddable":true,"href":"https:\/\/onteaikenpatagonia.cl\/en\/wp-json\/wp\/v2\/product_cat?post=555"},{"taxonomy":"product_tag","embeddable":true,"href":"https:\/\/onteaikenpatagonia.cl\/en\/wp-json\/wp\/v2\/product_tag?post=555"}],"curies":[{"name":"wp","href":"https:\/\/api.w.org\/{rel}","templated":true}]}}