{"id":541,"date":"2025-10-15T18:04:20","date_gmt":"2025-10-15T18:04:20","guid":{"rendered":"https:\/\/onteaikenpatagonia.cl\/?page_id=541"},"modified":"2025-10-15T18:18:12","modified_gmt":"2025-10-15T18:18:12","slug":"reembolso_devoluciones","status":"publish","type":"page","link":"https:\/\/onteaikenpatagonia.cl\/en\/reembolso_devoluciones\/","title":{"rendered":"Pol\u00edtica de devoluciones y reembolsos"},"content":{"rendered":"<div data-elementor-type=\"wp-page\" data-elementor-id=\"541\" class=\"elementor elementor-541\" data-elementor-settings=\"{&quot;ha_cmc_init_switcher&quot;:&quot;no&quot;}\" data-elementor-post-type=\"page\">\n\t\t\t\t\t\t<section class=\"elementor-section elementor-top-section elementor-element elementor-element-5aa0521 elementor-section-boxed elementor-section-height-default elementor-section-height-default\" data-id=\"5aa0521\" data-element_type=\"section\" data-settings=\"{&quot;background_background&quot;:&quot;classic&quot;,&quot;_ha_eqh_enable&quot;:false}\">\n\t\t\t\t\t\t\t<div class=\"elementor-background-overlay\"><\/div>\n\t\t\t\t\t\t\t<div class=\"elementor-container elementor-column-gap-default\">\n\t\t\t\t\t<div class=\"elementor-column elementor-col-100 elementor-top-column elementor-element elementor-element-0829dd4\" data-id=\"0829dd4\" data-element_type=\"column\">\n\t\t\t<div class=\"elementor-widget-wrap elementor-element-populated\">\n\t\t\t\t\t\t<div class=\"elementor-element elementor-element-3c0f74d elementor-invisible elementor-widget elementor-widget-heading\" data-id=\"3c0f74d\" data-element_type=\"widget\" data-settings=\"{&quot;_animation&quot;:&quot;fadeInUp&quot;,&quot;_animation_delay&quot;:200}\" data-widget_type=\"heading.default\">\n\t\t\t\t\t<h1 class=\"elementor-heading-title elementor-size-default\">Pol\u00edticas de Devoluci\u00f3n y Reembolso<\/h1>\t\t\t\t<\/div>\n\t\t\t\t<div class=\"elementor-element elementor-element-cd9ddff elementor-absolute elementor-hidden-tablet elementor-hidden-mobile elementor-widget elementor-widget-heading\" data-id=\"cd9ddff\" data-element_type=\"widget\" data-settings=\"{&quot;_position&quot;:&quot;absolute&quot;}\" data-widget_type=\"heading.default\">\n\t\t\t\t\t<span class=\"elementor-heading-title elementor-size-default\">ONTEAIKEN PATAGONIA<\/span>\t\t\t\t<\/div>\n\t\t\t\t\t<\/div>\n\t\t<\/div>\n\t\t\t\t\t<\/div>\n\t\t<\/section>\n\t\t<div class=\"elementor-element elementor-element-d979246 e-flex e-con-boxed e-con e-parent\" data-id=\"d979246\" data-element_type=\"container\" data-settings=\"{&quot;_ha_eqh_enable&quot;:false}\">\n\t\t\t\t\t<div class=\"e-con-inner\">\n\t\t\t\t<div class=\"elementor-element elementor-element-3a53e74 elementor-widget elementor-widget-text-editor\" data-id=\"3a53e74\" data-element_type=\"widget\" data-widget_type=\"text-editor.default\">\n\t\t\t\t\t\t\t\t\t<h2 data-start=\"236\" data-end=\"309\"><strong data-start=\"239\" data-end=\"309\">Pol\u00edtica de Cancelaci\u00f3n y Reembolso \/ Cancellation &amp; Refund Policy<\/strong><\/h2>\n<h3 data-start=\"311\" data-end=\"351\"><strong data-start=\"315\" data-end=\"351\">1. Cancelaciones \/ Cancellations<\/strong><\/h3>\n<p data-start=\"353\" data-end=\"825\">Las cancelaciones de reservas deben realizarse con al menos <strong data-start=\"413\" data-end=\"441\">48 horas de anticipaci\u00f3n<\/strong> respecto a la fecha del servicio para recibir un <strong data-start=\"491\" data-end=\"513\">reembolso completo<\/strong>, sin cargos asociados.<br data-start=\"536\" data-end=\"539\" \/>Cancelaciones realizadas con <strong data-start=\"568\" data-end=\"602\">hasta 24 horas de anticipaci\u00f3n<\/strong> estar\u00e1n sujetas a un <strong data-start=\"624\" data-end=\"641\">cargo del 50%<\/strong> del valor total del servicio.<br data-start=\"671\" data-end=\"674\" \/>Cancelaciones efectuadas con <strong data-start=\"703\" data-end=\"724\">menos de 24 horas<\/strong> previas al inicio del servicio <strong data-start=\"756\" data-end=\"781\">no ser\u00e1n reembolsadas<\/strong> y se cobrar\u00e1 el <strong data-start=\"798\" data-end=\"822\">100% del valor total<\/strong>.<\/p>\n<p data-start=\"827\" data-end=\"1212\"><strong data-start=\"827\" data-end=\"981\">The cancellation of our services must be made at least 48 hours prior to the date of the booking to receive a full refund, with no associated charges.<\/strong><br data-start=\"981\" data-end=\"984\" \/><strong data-start=\"984\" data-end=\"1082\">Cancellations made up to 24 hours prior to the service will be charged 50% of the total value.<\/strong><br data-start=\"1082\" data-end=\"1085\" \/><strong data-start=\"1085\" data-end=\"1212\">Cancellations made less than 24 hours before the service will not be refunded and 100% of the total amount will be charged.<\/strong><\/p>\n<h3 data-start=\"1219\" data-end=\"1250\"><strong data-start=\"1223\" data-end=\"1250\">2. Reembolsos \/ Refunds<\/strong><\/h3>\n<p data-start=\"1252\" data-end=\"1622\">En caso de que las <strong data-start=\"1271\" data-end=\"1301\">navegaciones o excursiones<\/strong> sean <strong data-start=\"1307\" data-end=\"1358\">suspendidas por condiciones clim\u00e1ticas adversas<\/strong> o causas de fuerza mayor ajenas a la empresa, se realizar\u00e1 el <strong data-start=\"1421\" data-end=\"1490\">reembolso del 100% del valor correspondiente a dichas actividades<\/strong>.<br data-start=\"1491\" data-end=\"1494\" \/>Sin embargo, el <strong data-start=\"1510\" data-end=\"1536\">servicio de transporte<\/strong> no se encuentra sujeto a reembolso, incluso si la actividad principal es cancelada.<\/p>\n<p data-start=\"1624\" data-end=\"1950\"><strong data-start=\"1624\" data-end=\"1843\">In the event that navigations or excursions are cancelled due to adverse weather conditions or force majeure beyond the company\u2019s control, a 100% refund of the value corresponding to those activities will be issued.<\/strong><br data-start=\"1843\" data-end=\"1846\" \/><strong data-start=\"1846\" data-end=\"1950\">However, transportation services are not subject to refunds, even if the main activity is cancelled.<\/strong><\/p>\n<h3 data-start=\"1957\" data-end=\"1998\"><strong data-start=\"1961\" data-end=\"1998\">3. Modificaciones \/ Modifications<\/strong><\/h3>\n<p data-start=\"2000\" data-end=\"2337\">La empresa se reserva el derecho de <strong data-start=\"2036\" data-end=\"2077\">modificar o reprogramar los servicios<\/strong> en caso de condiciones clim\u00e1ticas, cierres de caminos u otras circunstancias fuera de nuestro control. En tales casos, se ofrecer\u00e1 una <strong data-start=\"2213\" data-end=\"2251\">reprogramaci\u00f3n sin costo adicional<\/strong> o el <strong data-start=\"2257\" data-end=\"2286\">reembolso correspondiente<\/strong>, seg\u00fan disponibilidad y preferencia del cliente.<\/p>\n<p data-start=\"2339\" data-end=\"2645\"><strong data-start=\"2339\" data-end=\"2645\">The company reserves the right to modify or reschedule services in case of weather conditions, road closures, or other circumstances beyond our control. In such cases, a rescheduling at no additional cost or a corresponding refund will be offered, depending on availability and the client\u2019s preference.<\/strong><\/p>\n<h3 data-start=\"2652\" data-end=\"2681\"><strong data-start=\"2656\" data-end=\"2681\">4. Contacto \/ Contact<\/strong><\/h3>\n<p data-start=\"2683\" data-end=\"2834\">Para solicitar una cancelaci\u00f3n, modificaci\u00f3n o reembolso, por favor comun\u00edquese con nuestro equipo a trav\u00e9s de:<br data-start=\"2794\" data-end=\"2797\" \/><strong data-start=\"2797\" data-end=\"2834\">\u2709\ufe0f <a class=\"decorated-link cursor-pointer\" rel=\"noopener\" data-start=\"2802\" data-end=\"2832\">contacto@onteaikenpatagonia.cl<\/a><\/strong><\/p>\t\t\t\t\t\t\t\t<\/div>\n\t\t\t\t\t<\/div>\n\t\t\t\t<\/div>\n\t\t\t\t<\/div>","protected":false},"excerpt":{"rendered":"<p>Pol\u00edticas de Devoluci\u00f3n y Reembolso ONTEAIKEN PATAGONIA Pol\u00edtica de Cancelaci\u00f3n y Reembolso \/ Cancellation &amp; Refund Policy 1. Cancelaciones \/ Cancellations Las cancelaciones de reservas deben realizarse con al menos 48 horas de anticipaci\u00f3n respecto a la fecha del servicio para recibir un reembolso completo, sin cargos asociados.Cancelaciones realizadas con hasta 24 horas de anticipaci\u00f3n [&hellip;]<\/p>","protected":false},"author":1,"featured_media":0,"parent":0,"menu_order":0,"comment_status":"closed","ping_status":"closed","template":"","meta":{"footnotes":""},"class_list":["post-541","page","type-page","status-publish","hentry"],"_links":{"self":[{"href":"https:\/\/onteaikenpatagonia.cl\/en\/wp-json\/wp\/v2\/pages\/541","targetHints":{"allow":["GET"]}}],"collection":[{"href":"https:\/\/onteaikenpatagonia.cl\/en\/wp-json\/wp\/v2\/pages"}],"about":[{"href":"https:\/\/onteaikenpatagonia.cl\/en\/wp-json\/wp\/v2\/types\/page"}],"author":[{"embeddable":true,"href":"https:\/\/onteaikenpatagonia.cl\/en\/wp-json\/wp\/v2\/users\/1"}],"replies":[{"embeddable":true,"href":"https:\/\/onteaikenpatagonia.cl\/en\/wp-json\/wp\/v2\/comments?post=541"}],"version-history":[{"count":6,"href":"https:\/\/onteaikenpatagonia.cl\/en\/wp-json\/wp\/v2\/pages\/541\/revisions"}],"predecessor-version":[{"id":1741,"href":"https:\/\/onteaikenpatagonia.cl\/en\/wp-json\/wp\/v2\/pages\/541\/revisions\/1741"}],"wp:attachment":[{"href":"https:\/\/onteaikenpatagonia.cl\/en\/wp-json\/wp\/v2\/media?parent=541"}],"curies":[{"name":"wp","href":"https:\/\/api.w.org\/{rel}","templated":true}]}}