{"id":1437,"date":"2025-10-05T01:58:55","date_gmt":"2025-10-05T01:58:55","guid":{"rendered":"https:\/\/onteaikenpatagonia.cl\/?page_id=1437"},"modified":"2025-10-05T02:02:59","modified_gmt":"2025-10-05T02:02:59","slug":"politica-de-prevencion-de-explotacion-de-seres-humanos","status":"publish","type":"page","link":"https:\/\/onteaikenpatagonia.cl\/en\/politica-de-prevencion-de-explotacion-de-seres-humanos\/","title":{"rendered":"POL\u00cdTICA DE PREVENCI\u00d3N DE EXPLOTACI\u00d3N DE SERES HUMANOS"},"content":{"rendered":"<div data-elementor-type=\"wp-page\" data-elementor-id=\"1437\" class=\"elementor elementor-1437\" data-elementor-settings=\"{&quot;ha_cmc_init_switcher&quot;:&quot;no&quot;}\" data-elementor-post-type=\"page\">\n\t\t\t\t\t\t<section class=\"elementor-section elementor-top-section elementor-element elementor-element-1ea7ee3 elementor-section-boxed elementor-section-height-default elementor-section-height-default\" data-id=\"1ea7ee3\" data-element_type=\"section\" data-settings=\"{&quot;background_background&quot;:&quot;classic&quot;,&quot;_ha_eqh_enable&quot;:false}\">\n\t\t\t\t\t\t\t<div class=\"elementor-background-overlay\"><\/div>\n\t\t\t\t\t\t\t<div class=\"elementor-container elementor-column-gap-default\">\n\t\t\t\t\t<div class=\"elementor-column elementor-col-100 elementor-top-column elementor-element elementor-element-12cc0a6\" data-id=\"12cc0a6\" data-element_type=\"column\">\n\t\t\t<div class=\"elementor-widget-wrap elementor-element-populated\">\n\t\t\t\t\t\t<div class=\"elementor-element elementor-element-40a18a9 elementor-invisible elementor-widget elementor-widget-heading\" data-id=\"40a18a9\" data-element_type=\"widget\" data-settings=\"{&quot;_animation&quot;:&quot;fadeInUp&quot;,&quot;_animation_delay&quot;:200}\" data-widget_type=\"heading.default\">\n\t\t\t\t\t<h1 class=\"elementor-heading-title elementor-size-default\">POL\u00cdTICA DE PREVENCI\u00d3N DE EXPLOTACI\u00d3N DE SERES HUMANOS TOUR OPERADOR <\/h1>\t\t\t\t<\/div>\n\t\t\t\t<div class=\"elementor-element elementor-element-111d2c8 elementor-absolute elementor-widget elementor-widget-heading\" data-id=\"111d2c8\" data-element_type=\"widget\" data-settings=\"{&quot;_position&quot;:&quot;absolute&quot;}\" data-widget_type=\"heading.default\">\n\t\t\t\t\t<span class=\"elementor-heading-title elementor-size-default\">ONTEAIKEN PATAGONIA<\/span>\t\t\t\t<\/div>\n\t\t\t\t\t<\/div>\n\t\t<\/div>\n\t\t\t\t\t<\/div>\n\t\t<\/section>\n\t\t<div class=\"elementor-element elementor-element-8cf72c8 e-flex e-con-boxed e-con e-parent\" data-id=\"8cf72c8\" data-element_type=\"container\" data-settings=\"{&quot;_ha_eqh_enable&quot;:false}\">\n\t\t\t\t\t<div class=\"e-con-inner\">\n\t\t\t\t<div class=\"elementor-element elementor-element-afed2ef elementor-widget elementor-widget-text-editor\" data-id=\"afed2ef\" data-element_type=\"widget\" data-widget_type=\"text-editor.default\">\n\t\t\t\t\t\t\t\t\t<p>Nuestra organizaci\u00f3n enfoca sus esfuerzos para proveer servicios que gocen de calidad y seguridad en todo momento, poniendo como principal preocupaci\u00f3n a las personas. Dentro de estas acciones, establece las siguientes medidas y compromisos de prevenci\u00f3n de la explotaci\u00f3n de los seres humanos:<\/p><ol><li>Estricto apego a las normativas legales tanto establecidas a nivel nacional como internacional, en materia de explotaci\u00f3n de seres humanos.<\/li><li>Formaci\u00f3n de su personal en materia de Prevenci\u00f3n de la Explotaci\u00f3n de Seres Humanos.<\/li><li>No aceptar que nuestros trabajadores, ofrezcan orientaci\u00f3n o promuevan contactos sexuales.<\/li><li>No se contrata a menores de edad.<\/li><li>Se informa a los proveedores de servicios y clientes, que Turismo Onteaiken Patagonia se adhiere a las Pol\u00edticas de Prevenci\u00f3n de la explotaci\u00f3n de seres humanos, y especialmente al comercio sexual de ni\u00f1as, ni\u00f1os y adolescentes.<\/li><li>Denunciar, si es necesario, a las autoridades competentes, cualquier acto de explotaci\u00f3n o abuso sexual contra los seres humanos, en particular menores de edad.<\/li><li>Ofrecer informaci\u00f3n a los viajeros, sobre la Prevenci\u00f3n de Explotaci\u00f3n de Seres Humanos, a trav\u00e9s del sitio web de Turismo Onteaiken Patagonia.<\/li><li>No promover el turismo sexual a trav\u00e9s del dise\u00f1o de nuestros servicios, seleccionando cuidadosamente y evaluando permanentemente a nuestros proveedores de servicios.<\/li><\/ol><p>Nos oponemos a todo tipo de discriminaci\u00f3n por g\u00e9nero, credo, raza, inclinaci\u00f3n sexual, ideolog\u00eda, edad, procedencia, discapacidad, y condenamos todas sus manifestaciones. Trabajamos bajo criterios incluyentes de igualdad y respeto.<\/p><p>Estas medidas se informan a los clientes y proveedores a trav\u00e9s de la firma de pie de p\u00e1gina de los correos institucionales y personales, adem\u00e1s de nuestra p\u00e1gina web <\/p>\t\t\t\t\t\t\t\t<\/div>\n\t\t\t\t\t<\/div>\n\t\t\t\t<\/div>\n\t\t\t\t<\/div>","protected":false},"excerpt":{"rendered":"<p>POL\u00cdTICA DE PREVENCI\u00d3N DE EXPLOTACI\u00d3N DE SERES HUMANOS TOUR OPERADOR ONTEAIKEN PATAGONIA Nuestra organizaci\u00f3n enfoca sus esfuerzos para proveer servicios que gocen de calidad y seguridad en todo momento, poniendo como principal preocupaci\u00f3n a las personas. Dentro de estas acciones, establece las siguientes medidas y compromisos de prevenci\u00f3n de la explotaci\u00f3n de los seres humanos: [&hellip;]<\/p>","protected":false},"author":1,"featured_media":0,"parent":0,"menu_order":0,"comment_status":"closed","ping_status":"closed","template":"","meta":{"footnotes":""},"class_list":["post-1437","page","type-page","status-publish","hentry"],"_links":{"self":[{"href":"https:\/\/onteaikenpatagonia.cl\/en\/wp-json\/wp\/v2\/pages\/1437","targetHints":{"allow":["GET"]}}],"collection":[{"href":"https:\/\/onteaikenpatagonia.cl\/en\/wp-json\/wp\/v2\/pages"}],"about":[{"href":"https:\/\/onteaikenpatagonia.cl\/en\/wp-json\/wp\/v2\/types\/page"}],"author":[{"embeddable":true,"href":"https:\/\/onteaikenpatagonia.cl\/en\/wp-json\/wp\/v2\/users\/1"}],"replies":[{"embeddable":true,"href":"https:\/\/onteaikenpatagonia.cl\/en\/wp-json\/wp\/v2\/comments?post=1437"}],"version-history":[{"count":10,"href":"https:\/\/onteaikenpatagonia.cl\/en\/wp-json\/wp\/v2\/pages\/1437\/revisions"}],"predecessor-version":[{"id":1447,"href":"https:\/\/onteaikenpatagonia.cl\/en\/wp-json\/wp\/v2\/pages\/1437\/revisions\/1447"}],"wp:attachment":[{"href":"https:\/\/onteaikenpatagonia.cl\/en\/wp-json\/wp\/v2\/media?parent=1437"}],"curies":[{"name":"wp","href":"https:\/\/api.w.org\/{rel}","templated":true}]}}